{"id":602,"date":"2025-10-02T16:04:04","date_gmt":"2025-10-02T14:04:04","guid":{"rendered":"https:\/\/zoeylinwoodauteur.fr\/?page_id=602"},"modified":"2026-03-19T10:43:18","modified_gmt":"2026-03-19T09:43:18","slug":"le-work-in-progress","status":"publish","type":"page","link":"https:\/\/zoeylinwoodauteur.fr\/?page_id=602","title":{"rendered":"Nous, sous l&#8217;oc\u00e9an"},"content":{"rendered":"\t\t<div data-elementor-type=\"wp-page\" data-elementor-id=\"602\" class=\"elementor elementor-602\">\n\t\t\t\t\t\t<section class=\"elementor-section elementor-top-section elementor-element elementor-element-21c23d9 elementor-section-boxed elementor-section-height-default elementor-section-height-default\" data-id=\"21c23d9\" data-element_type=\"section\" data-e-type=\"section\">\n\t\t\t\t\t\t<div class=\"elementor-container elementor-column-gap-default\">\n\t\t\t\t\t<div class=\"elementor-column elementor-col-100 elementor-top-column elementor-element elementor-element-aea1f5e\" data-id=\"aea1f5e\" data-element_type=\"column\" data-e-type=\"column\">\n\t\t\t<div class=\"elementor-widget-wrap elementor-element-populated\">\n\t\t\t\t\t\t<div class=\"elementor-element elementor-element-a5d4c38 elementor-widget elementor-widget-text-editor\" data-id=\"a5d4c38\" data-element_type=\"widget\" data-e-type=\"widget\" data-widget_type=\"text-editor.default\">\n\t\t\t\t<div class=\"elementor-widget-container\">\n\t\t\t\t\t\t\t\t\t<p>Nous, sous l&#8217;oc\u00e9an<\/p>\t\t\t\t\t\t\t\t<\/div>\n\t\t\t\t<\/div>\n\t\t\t\t<div class=\"elementor-element elementor-element-5d22d0f elementor-widget elementor-widget-heading\" data-id=\"5d22d0f\" data-element_type=\"widget\" data-e-type=\"widget\" data-widget_type=\"heading.default\">\n\t\t\t\t<div class=\"elementor-widget-container\">\n\t\t\t\t\t<h2 class=\"elementor-heading-title elementor-size-default\">La curiosit\u00e9 m\u00e8ne \u00e0 la col\u00e8re, la col\u00e8re conduit \u00e0 la r\u00e9volte.<\/h2>\t\t\t\t<\/div>\n\t\t\t\t<\/div>\n\t\t\t\t<section class=\"elementor-section elementor-inner-section elementor-element elementor-element-4a672a6 elementor-section-boxed elementor-section-height-default elementor-section-height-default\" data-id=\"4a672a6\" data-element_type=\"section\" data-e-type=\"section\">\n\t\t\t\t\t\t<div class=\"elementor-container elementor-column-gap-default\">\n\t\t\t\t\t<div class=\"elementor-column elementor-col-50 elementor-inner-column elementor-element elementor-element-b29fde7\" data-id=\"b29fde7\" data-element_type=\"column\" data-e-type=\"column\">\n\t\t\t<div class=\"elementor-widget-wrap elementor-element-populated\">\n\t\t\t\t\t\t<div class=\"elementor-element elementor-element-9d9b790 elementor-widget elementor-widget-text-editor\" data-id=\"9d9b790\" data-element_type=\"widget\" data-e-type=\"widget\" data-widget_type=\"text-editor.default\">\n\t\t\t\t<div class=\"elementor-widget-container\">\n\t\t\t\t\t\t\t\t\t<p><strong>Des sir\u00e8nes. Des humains. Une guerre.<\/strong><\/p><p><span style=\"font-size: 14px;\">Nixie est ramasseuse. Jour apr\u00e8s jour, elle r\u00e9colte le plastique dans l\u2019oc\u00e9an. En cachette, la petite sir\u00e8ne nourrit le r\u00eave interdit de voir des humains. Mais la curiosit\u00e9 a un prix, et celui-ci est tr\u00e8s \u00e9lev\u00e9.<\/span><\/p><p><span style=\"font-size: 14px;\">Plongez dans cette revisite de\u00a0<\/span><em style=\"font-size: 14px;\">La Petite sir\u00e8ne<\/em><span style=\"font-size: 14px;\">\u00a0\u00e0 l&#8217;ambiance cyberpunk.<\/span><\/p>\t\t\t\t\t\t\t\t<\/div>\n\t\t\t\t<\/div>\n\t\t\t\t\t<\/div>\n\t\t<\/div>\n\t\t\t\t<div class=\"elementor-column elementor-col-50 elementor-inner-column elementor-element elementor-element-3bf5c36\" data-id=\"3bf5c36\" data-element_type=\"column\" data-e-type=\"column\">\n\t\t\t<div class=\"elementor-widget-wrap elementor-element-populated\">\n\t\t\t\t\t\t<div class=\"elementor-element elementor-element-0b4e99c elementor-widget elementor-widget-image\" data-id=\"0b4e99c\" data-element_type=\"widget\" data-e-type=\"widget\" data-widget_type=\"image.default\">\n\t\t\t\t<div class=\"elementor-widget-container\">\n\t\t\t\t\t\t\t\t\t\t\t\t\t\t\t<img fetchpriority=\"high\" decoding=\"async\" width=\"300\" height=\"219\" src=\"https:\/\/zoeylinwoodauteur.fr\/wp-content\/uploads\/2026\/03\/Nslo-integrale-300x219.png\" class=\"attachment-medium size-medium wp-image-854\" alt=\"\" srcset=\"https:\/\/zoeylinwoodauteur.fr\/wp-content\/uploads\/2026\/03\/Nslo-integrale-300x219.png 300w, https:\/\/zoeylinwoodauteur.fr\/wp-content\/uploads\/2026\/03\/Nslo-integrale-1024x746.png 1024w, https:\/\/zoeylinwoodauteur.fr\/wp-content\/uploads\/2026\/03\/Nslo-integrale-768x560.png 768w, https:\/\/zoeylinwoodauteur.fr\/wp-content\/uploads\/2026\/03\/Nslo-integrale-1536x1120.png 1536w, https:\/\/zoeylinwoodauteur.fr\/wp-content\/uploads\/2026\/03\/Nslo-integrale.png 2000w\" sizes=\"(max-width: 300px) 100vw, 300px\" \/>\t\t\t\t\t\t\t\t\t\t\t\t\t\t\t<\/div>\n\t\t\t\t<\/div>\n\t\t\t\t\t<\/div>\n\t\t<\/div>\n\t\t\t\t\t<\/div>\n\t\t<\/section>\n\t\t\t\t<section class=\"elementor-section elementor-inner-section elementor-element elementor-element-a164702 elementor-section-boxed elementor-section-height-default elementor-section-height-default\" data-id=\"a164702\" data-element_type=\"section\" data-e-type=\"section\">\n\t\t\t\t\t\t<div class=\"elementor-container elementor-column-gap-default\">\n\t\t\t\t\t<div class=\"elementor-column elementor-col-50 elementor-inner-column elementor-element elementor-element-134153a\" data-id=\"134153a\" data-element_type=\"column\" data-e-type=\"column\">\n\t\t\t<div class=\"elementor-widget-wrap elementor-element-populated\">\n\t\t\t\t\t\t<div class=\"elementor-element elementor-element-8478da8 elementor-align-center elementor-widget elementor-widget-button\" data-id=\"8478da8\" data-element_type=\"widget\" data-e-type=\"widget\" data-widget_type=\"button.default\">\n\t\t\t\t<div class=\"elementor-widget-container\">\n\t\t\t\t\t\t\t\t\t<div class=\"elementor-button-wrapper\">\n\t\t\t\t\t<a class=\"elementor-button elementor-button-link elementor-size-sm\" href=\"https:\/\/www.amazon.fr\/dp\/B0GNZN4P58\/ref=sr_1_2?crid=3OJRYP78FVIUW&#038;dib=eyJ2IjoiMSJ9.mqky6a6zKZhttf_Q8P1huDkR9WPduDdbSgqRXbGmJajBWF-1RWPH5DWlju19OcepNYu_kFLfs-A08-npbivenyxobBySyKZufubicOSP3JYVYl5e4TmsCrfZvcC8XgRc.JEAeaNSUp3f9vJ94ICRZ59Sv5j2NqwFNAsPOcQUvpqo&#038;dib_tag=se&#038;keywords=zoey+linwood&#038;qid=1771412467&#038;sprefix=zoey+linwood%2Caps%2C239&#038;sr=8-2\">\n\t\t\t\t\t\t<span class=\"elementor-button-content-wrapper\">\n\t\t\t\t\t\t\t\t\t<span class=\"elementor-button-text\"> Amazon<\/span>\n\t\t\t\t\t<\/span>\n\t\t\t\t\t<\/a>\n\t\t\t\t<\/div>\n\t\t\t\t\t\t\t\t<\/div>\n\t\t\t\t<\/div>\n\t\t\t\t\t<\/div>\n\t\t<\/div>\n\t\t\t\t<div class=\"elementor-column elementor-col-50 elementor-inner-column elementor-element elementor-element-09b5af5\" data-id=\"09b5af5\" data-element_type=\"column\" data-e-type=\"column\">\n\t\t\t<div class=\"elementor-widget-wrap elementor-element-populated\">\n\t\t\t\t\t\t<div class=\"elementor-element elementor-element-9730079 elementor-align-center elementor-widget__width-initial elementor-widget elementor-widget-button\" data-id=\"9730079\" data-element_type=\"widget\" data-e-type=\"widget\" data-widget_type=\"button.default\">\n\t\t\t\t<div class=\"elementor-widget-container\">\n\t\t\t\t\t\t\t\t\t<div class=\"elementor-button-wrapper\">\n\t\t\t\t\t<a class=\"elementor-button elementor-button-link elementor-size-sm\" href=\"https:\/\/zoey-linwood-auteur.sumupstore.com\/product\/nous-sous-l-ocean-broche\">\n\t\t\t\t\t\t<span class=\"elementor-button-content-wrapper\">\n\t\t\t\t\t\t\t\t\t<span class=\"elementor-button-text\">Sumup - broch\u00e9<\/span>\n\t\t\t\t\t<\/span>\n\t\t\t\t\t<\/a>\n\t\t\t\t<\/div>\n\t\t\t\t\t\t\t\t<\/div>\n\t\t\t\t<\/div>\n\t\t\t\t<div class=\"elementor-element elementor-element-c1db9a3 elementor-align-center elementor-widget__width-initial elementor-widget elementor-widget-button\" data-id=\"c1db9a3\" data-element_type=\"widget\" data-e-type=\"widget\" data-widget_type=\"button.default\">\n\t\t\t\t<div class=\"elementor-widget-container\">\n\t\t\t\t\t\t\t\t\t<div class=\"elementor-button-wrapper\">\n\t\t\t\t\t<a class=\"elementor-button elementor-button-link elementor-size-sm\" href=\"https:\/\/zoey-linwood-auteur.sumupstore.com\/product\/nous-sous-l-ocean-relie\">\n\t\t\t\t\t\t<span class=\"elementor-button-content-wrapper\">\n\t\t\t\t\t\t\t\t\t<span class=\"elementor-button-text\">Sumup - reli\u00e9<\/span>\n\t\t\t\t\t<\/span>\n\t\t\t\t\t<\/a>\n\t\t\t\t<\/div>\n\t\t\t\t\t\t\t\t<\/div>\n\t\t\t\t<\/div>\n\t\t\t\t\t<\/div>\n\t\t<\/div>\n\t\t\t\t\t<\/div>\n\t\t<\/section>\n\t\t\t\t\t<\/div>\n\t\t<\/div>\n\t\t\t\t\t<\/div>\n\t\t<\/section>\n\t\t\t\t<section class=\"elementor-section elementor-top-section elementor-element elementor-element-db70559 elementor-section-boxed elementor-section-height-default elementor-section-height-default\" data-id=\"db70559\" data-element_type=\"section\" data-e-type=\"section\">\n\t\t\t\t\t\t<div class=\"elementor-container elementor-column-gap-default\">\n\t\t\t\t\t<div class=\"elementor-column elementor-col-100 elementor-top-column elementor-element elementor-element-f86f5fa\" data-id=\"f86f5fa\" data-element_type=\"column\" data-e-type=\"column\">\n\t\t\t<div class=\"elementor-widget-wrap elementor-element-populated\">\n\t\t\t\t\t\t<section class=\"elementor-section elementor-inner-section elementor-element elementor-element-293f2a7 elementor-section-boxed elementor-section-height-default elementor-section-height-default\" data-id=\"293f2a7\" data-element_type=\"section\" data-e-type=\"section\">\n\t\t\t\t\t\t<div class=\"elementor-container elementor-column-gap-default\">\n\t\t\t\t\t<div class=\"elementor-column elementor-col-50 elementor-inner-column elementor-element elementor-element-6b5eb31\" data-id=\"6b5eb31\" data-element_type=\"column\" data-e-type=\"column\">\n\t\t\t<div class=\"elementor-widget-wrap elementor-element-populated\">\n\t\t\t\t\t\t<div class=\"elementor-element elementor-element-e05fefd elementor-widget elementor-widget-spacer\" data-id=\"e05fefd\" data-element_type=\"widget\" data-e-type=\"widget\" data-widget_type=\"spacer.default\">\n\t\t\t\t<div class=\"elementor-widget-container\">\n\t\t\t\t\t\t\t<div class=\"elementor-spacer\">\n\t\t\t<div class=\"elementor-spacer-inner\"><\/div>\n\t\t<\/div>\n\t\t\t\t\t\t<\/div>\n\t\t\t\t<\/div>\n\t\t\t\t<div class=\"elementor-element elementor-element-2d50e7e elementor-widget elementor-widget-heading\" data-id=\"2d50e7e\" data-element_type=\"widget\" data-e-type=\"widget\" data-widget_type=\"heading.default\">\n\t\t\t\t<div class=\"elementor-widget-container\">\n\t\t\t\t\t<h2 class=\"elementor-heading-title elementor-size-default\">LIRE LES PREMIERS CHAPITRES GRATUITEMENT<\/h2>\t\t\t\t<\/div>\n\t\t\t\t<\/div>\n\t\t\t\t<div class=\"elementor-element elementor-element-61e47e8 elementor-widget elementor-widget-text-editor\" data-id=\"61e47e8\" data-element_type=\"widget\" data-e-type=\"widget\" data-widget_type=\"text-editor.default\">\n\t\t\t\t<div class=\"elementor-widget-container\">\n\t\t\t\t\t\t\t\t\t<p>Pour acc\u00e9der GRATUITEMENT\u00a0aux premiers chapitres de\u00a0<b><i>Nous, sous l&#8217;oc\u00e9an<\/i><\/b>, inscrivez-vous \u00e0 ma newsletter (1 \u00e0 2 mail\/mois) !<\/p>\t\t\t\t\t\t\t\t<\/div>\n\t\t\t\t<\/div>\n\t\t\t\t<div class=\"elementor-element elementor-element-72c5949 elementor-widget elementor-widget-shortcode\" data-id=\"72c5949\" data-element_type=\"widget\" data-e-type=\"widget\" data-widget_type=\"shortcode.default\">\n\t\t\t\t<div class=\"elementor-widget-container\">\n\t\t\t\t\t\t\t<div class=\"elementor-shortcode\"><iframe src=\"https:\/\/zoeylinwood.substack.com\/embed\" width=\"480\" height=\"150\" style=\"border:1px solid #EEE; background:white;\" frameborder=\"0\" scrolling=\"no\"><\/iframe>\n<\/div>\n\t\t\t\t\t\t<\/div>\n\t\t\t\t<\/div>\n\t\t\t\t\t<\/div>\n\t\t<\/div>\n\t\t\t\t<div class=\"elementor-column elementor-col-50 elementor-inner-column elementor-element elementor-element-cfd9fc3\" data-id=\"cfd9fc3\" data-element_type=\"column\" data-e-type=\"column\">\n\t\t\t<div class=\"elementor-widget-wrap elementor-element-populated\">\n\t\t\t\t\t\t<div class=\"elementor-element elementor-element-e31a584 elementor-widget elementor-widget-image\" data-id=\"e31a584\" data-element_type=\"widget\" data-e-type=\"widget\" data-widget_type=\"image.default\">\n\t\t\t\t<div class=\"elementor-widget-container\">\n\t\t\t\t\t\t\t\t\t\t\t\t\t\t\t<img decoding=\"async\" width=\"1024\" height=\"536\" src=\"https:\/\/zoeylinwoodauteur.fr\/wp-content\/uploads\/2026\/01\/Bientot-tes-cheveux-vont-etre-aussi-longs-que-la-tour-et-je-pourrai-men-servir-de-corde.-1200-x-628-px-1-1024x536.png\" class=\"attachment-large size-large wp-image-801\" alt=\"\" srcset=\"https:\/\/zoeylinwoodauteur.fr\/wp-content\/uploads\/2026\/01\/Bientot-tes-cheveux-vont-etre-aussi-longs-que-la-tour-et-je-pourrai-men-servir-de-corde.-1200-x-628-px-1-1024x536.png 1024w, https:\/\/zoeylinwoodauteur.fr\/wp-content\/uploads\/2026\/01\/Bientot-tes-cheveux-vont-etre-aussi-longs-que-la-tour-et-je-pourrai-men-servir-de-corde.-1200-x-628-px-1-300x157.png 300w, https:\/\/zoeylinwoodauteur.fr\/wp-content\/uploads\/2026\/01\/Bientot-tes-cheveux-vont-etre-aussi-longs-que-la-tour-et-je-pourrai-men-servir-de-corde.-1200-x-628-px-1-768x402.png 768w, https:\/\/zoeylinwoodauteur.fr\/wp-content\/uploads\/2026\/01\/Bientot-tes-cheveux-vont-etre-aussi-longs-que-la-tour-et-je-pourrai-men-servir-de-corde.-1200-x-628-px-1.png 1200w\" sizes=\"(max-width: 1024px) 100vw, 1024px\" \/>\t\t\t\t\t\t\t\t\t\t\t\t\t\t\t<\/div>\n\t\t\t\t<\/div>\n\t\t\t\t\t<\/div>\n\t\t<\/div>\n\t\t\t\t\t<\/div>\n\t\t<\/section>\n\t\t\t\t\t<\/div>\n\t\t<\/div>\n\t\t\t\t\t<\/div>\n\t\t<\/section>\n\t\t\t\t<\/div>\n\t\t","protected":false},"excerpt":{"rendered":"<p>Nous, sous l&#8217;oc\u00e9an La curiosit\u00e9 m\u00e8ne \u00e0 la col\u00e8re, la col\u00e8re conduit \u00e0 la r\u00e9volte. Des sir\u00e8nes. Des humains. Une guerre. Nixie est ramasseuse. Jour apr\u00e8s jour, elle r\u00e9colte le plastique dans l\u2019oc\u00e9an. En cachette, la petite sir\u00e8ne nourrit le r\u00eave interdit de voir des humains. Mais la curiosit\u00e9 a un prix, et celui-ci est [&hellip;]<\/p>\n","protected":false},"author":1,"featured_media":0,"parent":0,"menu_order":0,"comment_status":"closed","ping_status":"closed","template":"","meta":{"ocean_post_layout":"","ocean_both_sidebars_style":"","ocean_both_sidebars_content_width":0,"ocean_both_sidebars_sidebars_width":0,"ocean_sidebar":"0","ocean_second_sidebar":"0","ocean_disable_margins":"enable","ocean_add_body_class":"","ocean_shortcode_before_top_bar":"","ocean_shortcode_after_top_bar":"","ocean_shortcode_before_header":"","ocean_shortcode_after_header":"","ocean_has_shortcode":"","ocean_shortcode_after_title":"","ocean_shortcode_before_footer_widgets":"","ocean_shortcode_after_footer_widgets":"","ocean_shortcode_before_footer_bottom":"","ocean_shortcode_after_footer_bottom":"","ocean_display_top_bar":"default","ocean_display_header":"default","ocean_header_style":"","ocean_center_header_left_menu":"0","ocean_custom_header_template":"0","ocean_custom_logo":0,"ocean_custom_retina_logo":0,"ocean_custom_logo_max_width":0,"ocean_custom_logo_tablet_max_width":0,"ocean_custom_logo_mobile_max_width":0,"ocean_custom_logo_max_height":0,"ocean_custom_logo_tablet_max_height":0,"ocean_custom_logo_mobile_max_height":0,"ocean_header_custom_menu":"0","ocean_menu_typo_font_family":"0","ocean_menu_typo_font_subset":"","ocean_menu_typo_font_size":0,"ocean_menu_typo_font_size_tablet":0,"ocean_menu_typo_font_size_mobile":0,"ocean_menu_typo_font_size_unit":"px","ocean_menu_typo_font_weight":"","ocean_menu_typo_font_weight_tablet":"","ocean_menu_typo_font_weight_mobile":"","ocean_menu_typo_transform":"","ocean_menu_typo_transform_tablet":"","ocean_menu_typo_transform_mobile":"","ocean_menu_typo_line_height":0,"ocean_menu_typo_line_height_tablet":0,"ocean_menu_typo_line_height_mobile":0,"ocean_menu_typo_line_height_unit":"","ocean_menu_typo_spacing":0,"ocean_menu_typo_spacing_tablet":0,"ocean_menu_typo_spacing_mobile":0,"ocean_menu_typo_spacing_unit":"","ocean_menu_link_color":"","ocean_menu_link_color_hover":"","ocean_menu_link_color_active":"","ocean_menu_link_background":"","ocean_menu_link_hover_background":"","ocean_menu_link_active_background":"","ocean_menu_social_links_bg":"","ocean_menu_social_hover_links_bg":"","ocean_menu_social_links_color":"","ocean_menu_social_hover_links_color":"","ocean_disable_title":"default","ocean_disable_heading":"default","ocean_post_title":"","ocean_post_subheading":"","ocean_post_title_style":"","ocean_post_title_background_color":"","ocean_post_title_background":0,"ocean_post_title_bg_image_position":"","ocean_post_title_bg_image_attachment":"","ocean_post_title_bg_image_repeat":"","ocean_post_title_bg_image_size":"","ocean_post_title_height":0,"ocean_post_title_bg_overlay":0.5,"ocean_post_title_bg_overlay_color":"","ocean_disable_breadcrumbs":"default","ocean_breadcrumbs_color":"","ocean_breadcrumbs_separator_color":"","ocean_breadcrumbs_links_color":"","ocean_breadcrumbs_links_hover_color":"","ocean_display_footer_widgets":"default","ocean_display_footer_bottom":"default","ocean_custom_footer_template":"0","footnotes":""},"class_list":["post-602","page","type-page","status-publish","hentry","entry"],"yoast_head":"<!-- This site is optimized with the Yoast SEO plugin v27.3 - https:\/\/yoast.com\/product\/yoast-seo-wordpress\/ -->\n<title>Nous, sous l&#039;oc\u00e9an - Zoey Linwood Auteure<\/title>\n<meta name=\"robots\" content=\"index, follow, max-snippet:-1, max-image-preview:large, max-video-preview:-1\" \/>\n<link rel=\"canonical\" href=\"https:\/\/zoeylinwoodauteur.fr\/?page_id=602\" \/>\n<meta property=\"og:locale\" content=\"en_US\" \/>\n<meta property=\"og:type\" content=\"article\" \/>\n<meta property=\"og:title\" content=\"Nous, sous l&#039;oc\u00e9an - Zoey Linwood Auteure\" \/>\n<meta property=\"og:description\" content=\"Nous, sous l&#8217;oc\u00e9an La curiosit\u00e9 m\u00e8ne \u00e0 la col\u00e8re, la col\u00e8re conduit \u00e0 la r\u00e9volte. Des sir\u00e8nes. Des humains. Une guerre. Nixie est ramasseuse. Jour apr\u00e8s jour, elle r\u00e9colte le plastique dans l\u2019oc\u00e9an. En cachette, la petite sir\u00e8ne nourrit le r\u00eave interdit de voir des humains. Mais la curiosit\u00e9 a un prix, et celui-ci est [&hellip;]\" \/>\n<meta property=\"og:url\" content=\"https:\/\/zoeylinwoodauteur.fr\/?page_id=602\" \/>\n<meta property=\"og:site_name\" content=\"Zoey Linwood Auteure\" \/>\n<meta property=\"article:modified_time\" content=\"2026-03-19T09:43:18+00:00\" \/>\n<meta property=\"og:image\" content=\"http:\/\/zoeylinwoodauteur.fr\/wp-content\/uploads\/2026\/03\/Nslo-integrale-300x219.png\" \/>\n<meta name=\"twitter:card\" content=\"summary_large_image\" \/>\n<meta name=\"twitter:label1\" content=\"Est. reading time\" \/>\n\t<meta name=\"twitter:data1\" content=\"1 minute\" \/>\n<script type=\"application\/ld+json\" class=\"yoast-schema-graph\">{\"@context\":\"https:\\\/\\\/schema.org\",\"@graph\":[{\"@type\":\"WebPage\",\"@id\":\"https:\\\/\\\/zoeylinwoodauteur.fr\\\/?page_id=602\",\"url\":\"https:\\\/\\\/zoeylinwoodauteur.fr\\\/?page_id=602\",\"name\":\"Nous, sous l'oc\u00e9an - Zoey Linwood Auteure\",\"isPartOf\":{\"@id\":\"https:\\\/\\\/zoeylinwoodauteur.fr\\\/#website\"},\"primaryImageOfPage\":{\"@id\":\"https:\\\/\\\/zoeylinwoodauteur.fr\\\/?page_id=602#primaryimage\"},\"image\":{\"@id\":\"https:\\\/\\\/zoeylinwoodauteur.fr\\\/?page_id=602#primaryimage\"},\"thumbnailUrl\":\"http:\\\/\\\/zoeylinwoodauteur.fr\\\/wp-content\\\/uploads\\\/2026\\\/03\\\/Nslo-integrale-300x219.png\",\"datePublished\":\"2025-10-02T14:04:04+00:00\",\"dateModified\":\"2026-03-19T09:43:18+00:00\",\"breadcrumb\":{\"@id\":\"https:\\\/\\\/zoeylinwoodauteur.fr\\\/?page_id=602#breadcrumb\"},\"inLanguage\":\"en-US\",\"potentialAction\":[{\"@type\":\"ReadAction\",\"target\":[\"https:\\\/\\\/zoeylinwoodauteur.fr\\\/?page_id=602\"]}]},{\"@type\":\"ImageObject\",\"inLanguage\":\"en-US\",\"@id\":\"https:\\\/\\\/zoeylinwoodauteur.fr\\\/?page_id=602#primaryimage\",\"url\":\"https:\\\/\\\/zoeylinwoodauteur.fr\\\/wp-content\\\/uploads\\\/2026\\\/03\\\/Nslo-integrale.png\",\"contentUrl\":\"https:\\\/\\\/zoeylinwoodauteur.fr\\\/wp-content\\\/uploads\\\/2026\\\/03\\\/Nslo-integrale.png\",\"width\":2000,\"height\":1458},{\"@type\":\"BreadcrumbList\",\"@id\":\"https:\\\/\\\/zoeylinwoodauteur.fr\\\/?page_id=602#breadcrumb\",\"itemListElement\":[{\"@type\":\"ListItem\",\"position\":1,\"name\":\"Accueil\",\"item\":\"https:\\\/\\\/zoeylinwoodauteur.fr\\\/\"},{\"@type\":\"ListItem\",\"position\":2,\"name\":\"Nous, sous l&rsquo;oc\u00e9an\"}]},{\"@type\":\"WebSite\",\"@id\":\"https:\\\/\\\/zoeylinwoodauteur.fr\\\/#website\",\"url\":\"https:\\\/\\\/zoeylinwoodauteur.fr\\\/\",\"name\":\"Zoey Linwood Auteure\",\"description\":\"\",\"potentialAction\":[{\"@type\":\"SearchAction\",\"target\":{\"@type\":\"EntryPoint\",\"urlTemplate\":\"https:\\\/\\\/zoeylinwoodauteur.fr\\\/?s={search_term_string}\"},\"query-input\":{\"@type\":\"PropertyValueSpecification\",\"valueRequired\":true,\"valueName\":\"search_term_string\"}}],\"inLanguage\":\"en-US\"}]}<\/script>\n<!-- \/ Yoast SEO plugin. -->","yoast_head_json":{"title":"Nous, sous l'oc\u00e9an - Zoey Linwood Auteure","robots":{"index":"index","follow":"follow","max-snippet":"max-snippet:-1","max-image-preview":"max-image-preview:large","max-video-preview":"max-video-preview:-1"},"canonical":"https:\/\/zoeylinwoodauteur.fr\/?page_id=602","og_locale":"en_US","og_type":"article","og_title":"Nous, sous l'oc\u00e9an - Zoey Linwood Auteure","og_description":"Nous, sous l&#8217;oc\u00e9an La curiosit\u00e9 m\u00e8ne \u00e0 la col\u00e8re, la col\u00e8re conduit \u00e0 la r\u00e9volte. Des sir\u00e8nes. Des humains. Une guerre. Nixie est ramasseuse. Jour apr\u00e8s jour, elle r\u00e9colte le plastique dans l\u2019oc\u00e9an. En cachette, la petite sir\u00e8ne nourrit le r\u00eave interdit de voir des humains. Mais la curiosit\u00e9 a un prix, et celui-ci est [&hellip;]","og_url":"https:\/\/zoeylinwoodauteur.fr\/?page_id=602","og_site_name":"Zoey Linwood Auteure","article_modified_time":"2026-03-19T09:43:18+00:00","og_image":[{"url":"http:\/\/zoeylinwoodauteur.fr\/wp-content\/uploads\/2026\/03\/Nslo-integrale-300x219.png","type":"","width":"","height":""}],"twitter_card":"summary_large_image","twitter_misc":{"Est. reading time":"1 minute"},"schema":{"@context":"https:\/\/schema.org","@graph":[{"@type":"WebPage","@id":"https:\/\/zoeylinwoodauteur.fr\/?page_id=602","url":"https:\/\/zoeylinwoodauteur.fr\/?page_id=602","name":"Nous, sous l'oc\u00e9an - Zoey Linwood Auteure","isPartOf":{"@id":"https:\/\/zoeylinwoodauteur.fr\/#website"},"primaryImageOfPage":{"@id":"https:\/\/zoeylinwoodauteur.fr\/?page_id=602#primaryimage"},"image":{"@id":"https:\/\/zoeylinwoodauteur.fr\/?page_id=602#primaryimage"},"thumbnailUrl":"http:\/\/zoeylinwoodauteur.fr\/wp-content\/uploads\/2026\/03\/Nslo-integrale-300x219.png","datePublished":"2025-10-02T14:04:04+00:00","dateModified":"2026-03-19T09:43:18+00:00","breadcrumb":{"@id":"https:\/\/zoeylinwoodauteur.fr\/?page_id=602#breadcrumb"},"inLanguage":"en-US","potentialAction":[{"@type":"ReadAction","target":["https:\/\/zoeylinwoodauteur.fr\/?page_id=602"]}]},{"@type":"ImageObject","inLanguage":"en-US","@id":"https:\/\/zoeylinwoodauteur.fr\/?page_id=602#primaryimage","url":"https:\/\/zoeylinwoodauteur.fr\/wp-content\/uploads\/2026\/03\/Nslo-integrale.png","contentUrl":"https:\/\/zoeylinwoodauteur.fr\/wp-content\/uploads\/2026\/03\/Nslo-integrale.png","width":2000,"height":1458},{"@type":"BreadcrumbList","@id":"https:\/\/zoeylinwoodauteur.fr\/?page_id=602#breadcrumb","itemListElement":[{"@type":"ListItem","position":1,"name":"Accueil","item":"https:\/\/zoeylinwoodauteur.fr\/"},{"@type":"ListItem","position":2,"name":"Nous, sous l&rsquo;oc\u00e9an"}]},{"@type":"WebSite","@id":"https:\/\/zoeylinwoodauteur.fr\/#website","url":"https:\/\/zoeylinwoodauteur.fr\/","name":"Zoey Linwood Auteure","description":"","potentialAction":[{"@type":"SearchAction","target":{"@type":"EntryPoint","urlTemplate":"https:\/\/zoeylinwoodauteur.fr\/?s={search_term_string}"},"query-input":{"@type":"PropertyValueSpecification","valueRequired":true,"valueName":"search_term_string"}}],"inLanguage":"en-US"}]}},"_links":{"self":[{"href":"https:\/\/zoeylinwoodauteur.fr\/index.php?rest_route=\/wp\/v2\/pages\/602","targetHints":{"allow":["GET"]}}],"collection":[{"href":"https:\/\/zoeylinwoodauteur.fr\/index.php?rest_route=\/wp\/v2\/pages"}],"about":[{"href":"https:\/\/zoeylinwoodauteur.fr\/index.php?rest_route=\/wp\/v2\/types\/page"}],"author":[{"embeddable":true,"href":"https:\/\/zoeylinwoodauteur.fr\/index.php?rest_route=\/wp\/v2\/users\/1"}],"replies":[{"embeddable":true,"href":"https:\/\/zoeylinwoodauteur.fr\/index.php?rest_route=%2Fwp%2Fv2%2Fcomments&post=602"}],"version-history":[{"count":43,"href":"https:\/\/zoeylinwoodauteur.fr\/index.php?rest_route=\/wp\/v2\/pages\/602\/revisions"}],"predecessor-version":[{"id":857,"href":"https:\/\/zoeylinwoodauteur.fr\/index.php?rest_route=\/wp\/v2\/pages\/602\/revisions\/857"}],"wp:attachment":[{"href":"https:\/\/zoeylinwoodauteur.fr\/index.php?rest_route=%2Fwp%2Fv2%2Fmedia&parent=602"}],"curies":[{"name":"wp","href":"https:\/\/api.w.org\/{rel}","templated":true}]}}