{"id":579,"date":"2025-10-02T15:18:17","date_gmt":"2025-10-02T13:18:17","guid":{"rendered":"https:\/\/zoeylinwoodauteur.fr\/?page_id=579"},"modified":"2025-10-02T16:30:33","modified_gmt":"2025-10-02T14:30:33","slug":"le-chatiment-miaou","status":"publish","type":"page","link":"https:\/\/zoeylinwoodauteur.fr\/?page_id=579","title":{"rendered":"Le Ch\u00e2timent (miaou)"},"content":{"rendered":"\t\t<div data-elementor-type=\"wp-page\" data-elementor-id=\"579\" class=\"elementor elementor-579\">\n\t\t\t\t\t\t<section class=\"elementor-section elementor-top-section elementor-element elementor-element-e9819e3 elementor-section-boxed elementor-section-height-default elementor-section-height-default\" data-id=\"e9819e3\" data-element_type=\"section\" data-e-type=\"section\">\n\t\t\t\t\t\t<div class=\"elementor-container elementor-column-gap-default\">\n\t\t\t\t\t<div class=\"elementor-column elementor-col-100 elementor-top-column elementor-element elementor-element-9bee596\" data-id=\"9bee596\" data-element_type=\"column\" data-e-type=\"column\">\n\t\t\t<div class=\"elementor-widget-wrap elementor-element-populated\">\n\t\t\t\t\t\t<div class=\"elementor-element elementor-element-77aa1a7 elementor-widget elementor-widget-text-editor\" data-id=\"77aa1a7\" data-element_type=\"widget\" data-e-type=\"widget\" data-widget_type=\"text-editor.default\">\n\t\t\t\t<div class=\"elementor-widget-container\">\n\t\t\t\t\t\t\t\t\t<p style=\"text-align: center;\">Le Ch\u00e2timent (miaou)<\/p>\t\t\t\t\t\t\t\t<\/div>\n\t\t\t\t<\/div>\n\t\t\t\t<div class=\"elementor-element elementor-element-69224a2 elementor-widget elementor-widget-text-editor\" data-id=\"69224a2\" data-element_type=\"widget\" data-e-type=\"widget\" data-widget_type=\"text-editor.default\">\n\t\t\t\t<div class=\"elementor-widget-container\">\n\t\t\t\t\t\t\t\t\t<p style=\"text-align: center;\">Les chats sont-ils vraiment une arme de destruction massive ?<\/p>\t\t\t\t\t\t\t\t<\/div>\n\t\t\t\t<\/div>\n\t\t\t\t\t<\/div>\n\t\t<\/div>\n\t\t\t\t\t<\/div>\n\t\t<\/section>\n\t\t\t\t<section class=\"elementor-section elementor-top-section elementor-element elementor-element-54bec25 elementor-section-boxed elementor-section-height-default elementor-section-height-default\" data-id=\"54bec25\" data-element_type=\"section\" data-e-type=\"section\">\n\t\t\t\t\t\t<div class=\"elementor-container elementor-column-gap-default\">\n\t\t\t\t\t<div class=\"elementor-column elementor-col-100 elementor-top-column elementor-element elementor-element-909c16a\" data-id=\"909c16a\" data-element_type=\"column\" data-e-type=\"column\">\n\t\t\t<div class=\"elementor-widget-wrap elementor-element-populated\">\n\t\t\t\t\t\t<section class=\"elementor-section elementor-inner-section elementor-element elementor-element-d89a0a5 elementor-section-boxed elementor-section-height-default elementor-section-height-default\" data-id=\"d89a0a5\" data-element_type=\"section\" data-e-type=\"section\">\n\t\t\t\t\t\t<div class=\"elementor-container elementor-column-gap-default\">\n\t\t\t\t\t<div class=\"elementor-column elementor-col-50 elementor-inner-column elementor-element elementor-element-89255e6\" data-id=\"89255e6\" data-element_type=\"column\" data-e-type=\"column\">\n\t\t\t<div class=\"elementor-widget-wrap elementor-element-populated\">\n\t\t\t\t\t\t<div class=\"elementor-element elementor-element-999d608 elementor-widget elementor-widget-text-editor\" data-id=\"999d608\" data-element_type=\"widget\" data-e-type=\"widget\" data-widget_type=\"text-editor.default\">\n\t\t\t\t<div class=\"elementor-widget-container\">\n\t\t\t\t\t\t\t\t\t<p style=\"font-variant-ligatures: normal; font-variant-caps: normal; font-family: Roboto, sans-serif; font-size: 14px; font-style: normal; font-weight: 400;\"><span style=\"font-size: 14px; font-weight: 600;\">La vengeance est un plat qui se mange&#8230; avec un chat.<\/span><\/p><p style=\"font-variant-ligatures: normal; font-variant-caps: normal; font-family: Roboto, sans-serif; font-size: 14px; font-style: normal; font-weight: 400;\">Le monde de Mel s\u2019effondre le jour o\u00f9 J\u00e9r\u00e9my la quitte sans explications. Il prend sa valise et basta, ciao, bye, sayonara. Et puis, sans crier gare, son c\u0153ur se fracture \u00e0 nouveau quand elle apprend pourquoi il l\u2019a quitt\u00e9e, ou plut\u00f4t pour qui\u2026 Commence alors une qu\u00eate de vengeance douce comme un chaton qui transportera Mel dans un univers f\u00e9lin o\u00f9 elle a tout \u00e0 d\u00e9couvrir, le meilleur, et surtout le pire\u2009!<\/p><p style=\"font-variant-ligatures: normal; font-variant-caps: normal; font-family: Roboto, sans-serif; font-size: 14px; font-style: normal; font-weight: 400;\"><em style=\"font-size: 14px;\">Embarquez dans une aventure dr\u00f4le et \u00e9mouvante qui vous rendra accro aux ronrons et \u00e0 l\u2019herbe \u00e0 chat.<\/em><\/p>\t\t\t\t\t\t\t\t<\/div>\n\t\t\t\t<\/div>\n\t\t\t\t\t<\/div>\n\t\t<\/div>\n\t\t\t\t<div class=\"elementor-column elementor-col-50 elementor-inner-column elementor-element elementor-element-2ee207a\" data-id=\"2ee207a\" data-element_type=\"column\" data-e-type=\"column\">\n\t\t\t<div class=\"elementor-widget-wrap elementor-element-populated\">\n\t\t\t\t\t\t<div class=\"elementor-element elementor-element-332c56d elementor-widget elementor-widget-image\" data-id=\"332c56d\" data-element_type=\"widget\" data-e-type=\"widget\" data-widget_type=\"image.default\">\n\t\t\t\t<div class=\"elementor-widget-container\">\n\t\t\t\t\t\t\t\t\t\t\t\t\t\t\t<img fetchpriority=\"high\" decoding=\"async\" width=\"232\" height=\"300\" src=\"https:\/\/zoeylinwoodauteur.fr\/wp-content\/uploads\/2025\/10\/Lokipartie2fondvert-232x300.png\" class=\"attachment-medium size-medium wp-image-583\" alt=\"\" srcset=\"https:\/\/zoeylinwoodauteur.fr\/wp-content\/uploads\/2025\/10\/Lokipartie2fondvert-232x300.png 232w, https:\/\/zoeylinwoodauteur.fr\/wp-content\/uploads\/2025\/10\/Lokipartie2fondvert.png 736w\" sizes=\"(max-width: 232px) 100vw, 232px\" \/>\t\t\t\t\t\t\t\t\t\t\t\t\t\t\t<\/div>\n\t\t\t\t<\/div>\n\t\t\t\t\t<\/div>\n\t\t<\/div>\n\t\t\t\t\t<\/div>\n\t\t<\/section>\n\t\t\t\t<section class=\"elementor-section elementor-inner-section elementor-element elementor-element-ce66b18 elementor-section-boxed elementor-section-height-default elementor-section-height-default\" data-id=\"ce66b18\" data-element_type=\"section\" data-e-type=\"section\">\n\t\t\t\t\t\t<div class=\"elementor-container elementor-column-gap-default\">\n\t\t\t\t\t<div class=\"elementor-column elementor-col-50 elementor-inner-column elementor-element elementor-element-3d2066f\" data-id=\"3d2066f\" data-element_type=\"column\" data-e-type=\"column\">\n\t\t\t<div class=\"elementor-widget-wrap elementor-element-populated\">\n\t\t\t\t\t\t<div class=\"elementor-element elementor-element-3f02b25 elementor-align-center elementor-widget elementor-widget-button\" data-id=\"3f02b25\" data-element_type=\"widget\" data-e-type=\"widget\" data-widget_type=\"button.default\">\n\t\t\t\t<div class=\"elementor-widget-container\">\n\t\t\t\t\t\t\t\t\t<div class=\"elementor-button-wrapper\">\n\t\t\t\t\t<a class=\"elementor-button elementor-button-link elementor-size-md\" href=\"https:\/\/www.amazon.fr\/Ch%C3%A2timent-miaou-Zoey-Linwood-ebook\/dp\/B0DZHLTFBG?ref_=ast_author_dp\">\n\t\t\t\t\t\t<span class=\"elementor-button-content-wrapper\">\n\t\t\t\t\t\t\t\t\t<span class=\"elementor-button-text\">Acheter sur Amazon<\/span>\n\t\t\t\t\t<\/span>\n\t\t\t\t\t<\/a>\n\t\t\t\t<\/div>\n\t\t\t\t\t\t\t\t<\/div>\n\t\t\t\t<\/div>\n\t\t\t\t\t<\/div>\n\t\t<\/div>\n\t\t\t\t<div class=\"elementor-column elementor-col-50 elementor-inner-column elementor-element elementor-element-7c94f8c\" data-id=\"7c94f8c\" data-element_type=\"column\" data-e-type=\"column\">\n\t\t\t<div class=\"elementor-widget-wrap elementor-element-populated\">\n\t\t\t\t\t\t<div class=\"elementor-element elementor-element-e3fd103 elementor-align-center elementor-widget elementor-widget-button\" data-id=\"e3fd103\" data-element_type=\"widget\" data-e-type=\"widget\" data-widget_type=\"button.default\">\n\t\t\t\t<div class=\"elementor-widget-container\">\n\t\t\t\t\t\t\t\t\t<div class=\"elementor-button-wrapper\">\n\t\t\t\t\t<a class=\"elementor-button elementor-button-link elementor-size-md\" href=\"https:\/\/zoey-linwood-auteur.sumupstore.com\/article\/le-chatiment-miaou\">\n\t\t\t\t\t\t<span class=\"elementor-button-content-wrapper\">\n\t\t\t\t\t\t\t\t\t<span class=\"elementor-button-text\">Acheter sur Sumup<\/span>\n\t\t\t\t\t<\/span>\n\t\t\t\t\t<\/a>\n\t\t\t\t<\/div>\n\t\t\t\t\t\t\t\t<\/div>\n\t\t\t\t<\/div>\n\t\t\t\t\t<\/div>\n\t\t<\/div>\n\t\t\t\t\t<\/div>\n\t\t<\/section>\n\t\t\t\t\t<\/div>\n\t\t<\/div>\n\t\t\t\t\t<\/div>\n\t\t<\/section>\n\t\t\t\t<section class=\"elementor-section elementor-top-section elementor-element elementor-element-13f5844 elementor-section-boxed elementor-section-height-default elementor-section-height-default\" data-id=\"13f5844\" data-element_type=\"section\" data-e-type=\"section\">\n\t\t\t\t\t\t<div class=\"elementor-container elementor-column-gap-default\">\n\t\t\t\t\t<div class=\"elementor-column elementor-col-100 elementor-top-column elementor-element elementor-element-6585e95\" data-id=\"6585e95\" data-element_type=\"column\" data-e-type=\"column\">\n\t\t\t<div class=\"elementor-widget-wrap elementor-element-populated\">\n\t\t\t\t\t\t<section class=\"elementor-section elementor-inner-section elementor-element elementor-element-8c37797 elementor-section-boxed elementor-section-height-default elementor-section-height-default\" data-id=\"8c37797\" data-element_type=\"section\" data-e-type=\"section\">\n\t\t\t\t\t\t<div class=\"elementor-container elementor-column-gap-default\">\n\t\t\t\t\t<div class=\"elementor-column elementor-col-50 elementor-inner-column elementor-element elementor-element-b39518d\" data-id=\"b39518d\" data-element_type=\"column\" data-e-type=\"column\">\n\t\t\t<div class=\"elementor-widget-wrap elementor-element-populated\">\n\t\t\t\t\t\t<div class=\"elementor-element elementor-element-8c8e600 elementor-widget elementor-widget-text-editor\" data-id=\"8c8e600\" data-element_type=\"widget\" data-e-type=\"widget\" data-widget_type=\"text-editor.default\">\n\t\t\t\t<div class=\"elementor-widget-container\">\n\t\t\t\t\t\t\t\t\t<p style=\"text-align: center;\">LIRE LES PREMIERS CHAPITRES GRATUITEMENT<\/p>\t\t\t\t\t\t\t\t<\/div>\n\t\t\t\t<\/div>\n\t\t\t\t<div class=\"elementor-element elementor-element-868d448 elementor-widget elementor-widget-text-editor\" data-id=\"868d448\" data-element_type=\"widget\" data-e-type=\"widget\" data-widget_type=\"text-editor.default\">\n\t\t\t\t<div class=\"elementor-widget-container\">\n\t\t\t\t\t\t\t\t\t<p>Pour acc\u00e9der GRATUITEMENT aux premiers chapitres du <strong>Ch\u00e2timent (miaou)<\/strong>, rendez-vous dans votre bo\u00eete mail !<\/p>\t\t\t\t\t\t\t\t<\/div>\n\t\t\t\t<\/div>\n\t\t\t\t<div class=\"elementor-element elementor-element-61c5405 elementor-widget elementor-widget-shortcode\" data-id=\"61c5405\" data-element_type=\"widget\" data-e-type=\"widget\" data-widget_type=\"shortcode.default\">\n\t\t\t\t<div class=\"elementor-widget-container\">\n\t\t\t\t\t\t\t<div class=\"elementor-shortcode\"><iframe src=\"https:\/\/zoeylinwood.substack.com\/embed\" width=\"480\" height=\"150\" style=\"border:1px solid #EEE; background:white;\" frameborder=\"0\" scrolling=\"no\"><\/iframe><\/div>\n\t\t\t\t\t\t<\/div>\n\t\t\t\t<\/div>\n\t\t\t\t\t<\/div>\n\t\t<\/div>\n\t\t\t\t<div class=\"elementor-column elementor-col-50 elementor-inner-column elementor-element elementor-element-b5e4822\" data-id=\"b5e4822\" data-element_type=\"column\" data-e-type=\"column\">\n\t\t\t<div class=\"elementor-widget-wrap elementor-element-populated\">\n\t\t\t\t\t\t<div class=\"elementor-element elementor-element-a5af030 elementor-widget elementor-widget-image\" data-id=\"a5af030\" data-element_type=\"widget\" data-e-type=\"widget\" data-widget_type=\"image.default\">\n\t\t\t\t<div class=\"elementor-widget-container\">\n\t\t\t\t\t\t\t\t\t\t\t\t\t\t\t<img decoding=\"async\" width=\"1024\" height=\"589\" src=\"https:\/\/zoeylinwoodauteur.fr\/wp-content\/uploads\/2025\/03\/1741333943-1024x589.png\" class=\"attachment-large size-large wp-image-402\" alt=\"\" srcset=\"https:\/\/zoeylinwoodauteur.fr\/wp-content\/uploads\/2025\/03\/1741333943-1024x589.png 1024w, https:\/\/zoeylinwoodauteur.fr\/wp-content\/uploads\/2025\/03\/1741333943-300x173.png 300w, https:\/\/zoeylinwoodauteur.fr\/wp-content\/uploads\/2025\/03\/1741333943-768x442.png 768w, https:\/\/zoeylinwoodauteur.fr\/wp-content\/uploads\/2025\/03\/1741333943-1536x883.png 1536w, https:\/\/zoeylinwoodauteur.fr\/wp-content\/uploads\/2025\/03\/1741333943.png 2000w\" sizes=\"(max-width: 1024px) 100vw, 1024px\" \/>\t\t\t\t\t\t\t\t\t\t\t\t\t\t\t<\/div>\n\t\t\t\t<\/div>\n\t\t\t\t\t<\/div>\n\t\t<\/div>\n\t\t\t\t\t<\/div>\n\t\t<\/section>\n\t\t\t\t\t<\/div>\n\t\t<\/div>\n\t\t\t\t\t<\/div>\n\t\t<\/section>\n\t\t\t\t<\/div>\n\t\t","protected":false},"excerpt":{"rendered":"<p>Le Ch\u00e2timent (miaou) Les chats sont-ils vraiment une arme de destruction massive ? La vengeance est un plat qui se mange&#8230; avec un chat. Le monde de Mel s\u2019effondre le jour o\u00f9 J\u00e9r\u00e9my la quitte sans explications. Il prend sa valise et basta, ciao, bye, sayonara. Et puis, sans crier gare, son c\u0153ur se fracture [&hellip;]<\/p>\n","protected":false},"author":1,"featured_media":0,"parent":0,"menu_order":0,"comment_status":"closed","ping_status":"closed","template":"","meta":{"ocean_post_layout":"","ocean_both_sidebars_style":"","ocean_both_sidebars_content_width":0,"ocean_both_sidebars_sidebars_width":0,"ocean_sidebar":"0","ocean_second_sidebar":"0","ocean_disable_margins":"enable","ocean_add_body_class":"","ocean_shortcode_before_top_bar":"","ocean_shortcode_after_top_bar":"","ocean_shortcode_before_header":"","ocean_shortcode_after_header":"","ocean_has_shortcode":"","ocean_shortcode_after_title":"","ocean_shortcode_before_footer_widgets":"","ocean_shortcode_after_footer_widgets":"","ocean_shortcode_before_footer_bottom":"","ocean_shortcode_after_footer_bottom":"","ocean_display_top_bar":"default","ocean_display_header":"default","ocean_header_style":"","ocean_center_header_left_menu":"0","ocean_custom_header_template":"0","ocean_custom_logo":0,"ocean_custom_retina_logo":0,"ocean_custom_logo_max_width":0,"ocean_custom_logo_tablet_max_width":0,"ocean_custom_logo_mobile_max_width":0,"ocean_custom_logo_max_height":0,"ocean_custom_logo_tablet_max_height":0,"ocean_custom_logo_mobile_max_height":0,"ocean_header_custom_menu":"0","ocean_menu_typo_font_family":"0","ocean_menu_typo_font_subset":"","ocean_menu_typo_font_size":0,"ocean_menu_typo_font_size_tablet":0,"ocean_menu_typo_font_size_mobile":0,"ocean_menu_typo_font_size_unit":"px","ocean_menu_typo_font_weight":"","ocean_menu_typo_font_weight_tablet":"","ocean_menu_typo_font_weight_mobile":"","ocean_menu_typo_transform":"","ocean_menu_typo_transform_tablet":"","ocean_menu_typo_transform_mobile":"","ocean_menu_typo_line_height":0,"ocean_menu_typo_line_height_tablet":0,"ocean_menu_typo_line_height_mobile":0,"ocean_menu_typo_line_height_unit":"","ocean_menu_typo_spacing":0,"ocean_menu_typo_spacing_tablet":0,"ocean_menu_typo_spacing_mobile":0,"ocean_menu_typo_spacing_unit":"","ocean_menu_link_color":"","ocean_menu_link_color_hover":"","ocean_menu_link_color_active":"","ocean_menu_link_background":"","ocean_menu_link_hover_background":"","ocean_menu_link_active_background":"","ocean_menu_social_links_bg":"","ocean_menu_social_hover_links_bg":"","ocean_menu_social_links_color":"","ocean_menu_social_hover_links_color":"","ocean_disable_title":"default","ocean_disable_heading":"default","ocean_post_title":"","ocean_post_subheading":"","ocean_post_title_style":"","ocean_post_title_background_color":"","ocean_post_title_background":0,"ocean_post_title_bg_image_position":"","ocean_post_title_bg_image_attachment":"","ocean_post_title_bg_image_repeat":"","ocean_post_title_bg_image_size":"","ocean_post_title_height":0,"ocean_post_title_bg_overlay":0.5,"ocean_post_title_bg_overlay_color":"","ocean_disable_breadcrumbs":"default","ocean_breadcrumbs_color":"","ocean_breadcrumbs_separator_color":"","ocean_breadcrumbs_links_color":"","ocean_breadcrumbs_links_hover_color":"","ocean_display_footer_widgets":"default","ocean_display_footer_bottom":"default","ocean_custom_footer_template":"0","footnotes":""},"class_list":["post-579","page","type-page","status-publish","hentry","entry"],"yoast_head":"<!-- This site is optimized with the Yoast SEO plugin v27.3 - https:\/\/yoast.com\/product\/yoast-seo-wordpress\/ -->\n<title>Le Ch\u00e2timent (miaou) - Zoey Linwood Auteure<\/title>\n<meta name=\"robots\" content=\"index, follow, max-snippet:-1, max-image-preview:large, max-video-preview:-1\" \/>\n<link rel=\"canonical\" href=\"https:\/\/zoeylinwoodauteur.fr\/?page_id=579\" \/>\n<meta property=\"og:locale\" content=\"en_US\" \/>\n<meta property=\"og:type\" content=\"article\" \/>\n<meta property=\"og:title\" content=\"Le Ch\u00e2timent (miaou) - Zoey Linwood Auteure\" \/>\n<meta property=\"og:description\" content=\"Le Ch\u00e2timent (miaou) Les chats sont-ils vraiment une arme de destruction massive ? La vengeance est un plat qui se mange&#8230; avec un chat. Le monde de Mel s\u2019effondre le jour o\u00f9 J\u00e9r\u00e9my la quitte sans explications. Il prend sa valise et basta, ciao, bye, sayonara. Et puis, sans crier gare, son c\u0153ur se fracture [&hellip;]\" \/>\n<meta property=\"og:url\" content=\"https:\/\/zoeylinwoodauteur.fr\/?page_id=579\" \/>\n<meta property=\"og:site_name\" content=\"Zoey Linwood Auteure\" \/>\n<meta property=\"article:modified_time\" content=\"2025-10-02T14:30:33+00:00\" \/>\n<meta property=\"og:image\" content=\"http:\/\/zoeylinwoodauteur.fr\/wp-content\/uploads\/2025\/10\/Lokipartie2fondvert-232x300.png\" \/>\n<meta name=\"twitter:card\" content=\"summary_large_image\" \/>\n<meta name=\"twitter:label1\" content=\"Est. reading time\" \/>\n\t<meta name=\"twitter:data1\" content=\"2 minutes\" \/>\n<script type=\"application\/ld+json\" class=\"yoast-schema-graph\">{\"@context\":\"https:\\\/\\\/schema.org\",\"@graph\":[{\"@type\":\"WebPage\",\"@id\":\"https:\\\/\\\/zoeylinwoodauteur.fr\\\/?page_id=579\",\"url\":\"https:\\\/\\\/zoeylinwoodauteur.fr\\\/?page_id=579\",\"name\":\"Le Ch\u00e2timent (miaou) - Zoey Linwood Auteure\",\"isPartOf\":{\"@id\":\"https:\\\/\\\/zoeylinwoodauteur.fr\\\/#website\"},\"primaryImageOfPage\":{\"@id\":\"https:\\\/\\\/zoeylinwoodauteur.fr\\\/?page_id=579#primaryimage\"},\"image\":{\"@id\":\"https:\\\/\\\/zoeylinwoodauteur.fr\\\/?page_id=579#primaryimage\"},\"thumbnailUrl\":\"http:\\\/\\\/zoeylinwoodauteur.fr\\\/wp-content\\\/uploads\\\/2025\\\/10\\\/Lokipartie2fondvert-232x300.png\",\"datePublished\":\"2025-10-02T13:18:17+00:00\",\"dateModified\":\"2025-10-02T14:30:33+00:00\",\"breadcrumb\":{\"@id\":\"https:\\\/\\\/zoeylinwoodauteur.fr\\\/?page_id=579#breadcrumb\"},\"inLanguage\":\"en-US\",\"potentialAction\":[{\"@type\":\"ReadAction\",\"target\":[\"https:\\\/\\\/zoeylinwoodauteur.fr\\\/?page_id=579\"]}]},{\"@type\":\"ImageObject\",\"inLanguage\":\"en-US\",\"@id\":\"https:\\\/\\\/zoeylinwoodauteur.fr\\\/?page_id=579#primaryimage\",\"url\":\"http:\\\/\\\/zoeylinwoodauteur.fr\\\/wp-content\\\/uploads\\\/2025\\\/10\\\/Lokipartie2fondvert-232x300.png\",\"contentUrl\":\"http:\\\/\\\/zoeylinwoodauteur.fr\\\/wp-content\\\/uploads\\\/2025\\\/10\\\/Lokipartie2fondvert-232x300.png\"},{\"@type\":\"BreadcrumbList\",\"@id\":\"https:\\\/\\\/zoeylinwoodauteur.fr\\\/?page_id=579#breadcrumb\",\"itemListElement\":[{\"@type\":\"ListItem\",\"position\":1,\"name\":\"Accueil\",\"item\":\"https:\\\/\\\/zoeylinwoodauteur.fr\\\/\"},{\"@type\":\"ListItem\",\"position\":2,\"name\":\"Le Ch\u00e2timent (miaou)\"}]},{\"@type\":\"WebSite\",\"@id\":\"https:\\\/\\\/zoeylinwoodauteur.fr\\\/#website\",\"url\":\"https:\\\/\\\/zoeylinwoodauteur.fr\\\/\",\"name\":\"Zoey Linwood Auteure\",\"description\":\"\",\"potentialAction\":[{\"@type\":\"SearchAction\",\"target\":{\"@type\":\"EntryPoint\",\"urlTemplate\":\"https:\\\/\\\/zoeylinwoodauteur.fr\\\/?s={search_term_string}\"},\"query-input\":{\"@type\":\"PropertyValueSpecification\",\"valueRequired\":true,\"valueName\":\"search_term_string\"}}],\"inLanguage\":\"en-US\"}]}<\/script>\n<!-- \/ Yoast SEO plugin. -->","yoast_head_json":{"title":"Le Ch\u00e2timent (miaou) - Zoey Linwood Auteure","robots":{"index":"index","follow":"follow","max-snippet":"max-snippet:-1","max-image-preview":"max-image-preview:large","max-video-preview":"max-video-preview:-1"},"canonical":"https:\/\/zoeylinwoodauteur.fr\/?page_id=579","og_locale":"en_US","og_type":"article","og_title":"Le Ch\u00e2timent (miaou) - Zoey Linwood Auteure","og_description":"Le Ch\u00e2timent (miaou) Les chats sont-ils vraiment une arme de destruction massive ? La vengeance est un plat qui se mange&#8230; avec un chat. Le monde de Mel s\u2019effondre le jour o\u00f9 J\u00e9r\u00e9my la quitte sans explications. Il prend sa valise et basta, ciao, bye, sayonara. Et puis, sans crier gare, son c\u0153ur se fracture [&hellip;]","og_url":"https:\/\/zoeylinwoodauteur.fr\/?page_id=579","og_site_name":"Zoey Linwood Auteure","article_modified_time":"2025-10-02T14:30:33+00:00","og_image":[{"url":"http:\/\/zoeylinwoodauteur.fr\/wp-content\/uploads\/2025\/10\/Lokipartie2fondvert-232x300.png","type":"","width":"","height":""}],"twitter_card":"summary_large_image","twitter_misc":{"Est. reading time":"2 minutes"},"schema":{"@context":"https:\/\/schema.org","@graph":[{"@type":"WebPage","@id":"https:\/\/zoeylinwoodauteur.fr\/?page_id=579","url":"https:\/\/zoeylinwoodauteur.fr\/?page_id=579","name":"Le Ch\u00e2timent (miaou) - Zoey Linwood Auteure","isPartOf":{"@id":"https:\/\/zoeylinwoodauteur.fr\/#website"},"primaryImageOfPage":{"@id":"https:\/\/zoeylinwoodauteur.fr\/?page_id=579#primaryimage"},"image":{"@id":"https:\/\/zoeylinwoodauteur.fr\/?page_id=579#primaryimage"},"thumbnailUrl":"http:\/\/zoeylinwoodauteur.fr\/wp-content\/uploads\/2025\/10\/Lokipartie2fondvert-232x300.png","datePublished":"2025-10-02T13:18:17+00:00","dateModified":"2025-10-02T14:30:33+00:00","breadcrumb":{"@id":"https:\/\/zoeylinwoodauteur.fr\/?page_id=579#breadcrumb"},"inLanguage":"en-US","potentialAction":[{"@type":"ReadAction","target":["https:\/\/zoeylinwoodauteur.fr\/?page_id=579"]}]},{"@type":"ImageObject","inLanguage":"en-US","@id":"https:\/\/zoeylinwoodauteur.fr\/?page_id=579#primaryimage","url":"http:\/\/zoeylinwoodauteur.fr\/wp-content\/uploads\/2025\/10\/Lokipartie2fondvert-232x300.png","contentUrl":"http:\/\/zoeylinwoodauteur.fr\/wp-content\/uploads\/2025\/10\/Lokipartie2fondvert-232x300.png"},{"@type":"BreadcrumbList","@id":"https:\/\/zoeylinwoodauteur.fr\/?page_id=579#breadcrumb","itemListElement":[{"@type":"ListItem","position":1,"name":"Accueil","item":"https:\/\/zoeylinwoodauteur.fr\/"},{"@type":"ListItem","position":2,"name":"Le Ch\u00e2timent (miaou)"}]},{"@type":"WebSite","@id":"https:\/\/zoeylinwoodauteur.fr\/#website","url":"https:\/\/zoeylinwoodauteur.fr\/","name":"Zoey Linwood Auteure","description":"","potentialAction":[{"@type":"SearchAction","target":{"@type":"EntryPoint","urlTemplate":"https:\/\/zoeylinwoodauteur.fr\/?s={search_term_string}"},"query-input":{"@type":"PropertyValueSpecification","valueRequired":true,"valueName":"search_term_string"}}],"inLanguage":"en-US"}]}},"_links":{"self":[{"href":"https:\/\/zoeylinwoodauteur.fr\/index.php?rest_route=\/wp\/v2\/pages\/579","targetHints":{"allow":["GET"]}}],"collection":[{"href":"https:\/\/zoeylinwoodauteur.fr\/index.php?rest_route=\/wp\/v2\/pages"}],"about":[{"href":"https:\/\/zoeylinwoodauteur.fr\/index.php?rest_route=\/wp\/v2\/types\/page"}],"author":[{"embeddable":true,"href":"https:\/\/zoeylinwoodauteur.fr\/index.php?rest_route=\/wp\/v2\/users\/1"}],"replies":[{"embeddable":true,"href":"https:\/\/zoeylinwoodauteur.fr\/index.php?rest_route=%2Fwp%2Fv2%2Fcomments&post=579"}],"version-history":[{"count":8,"href":"https:\/\/zoeylinwoodauteur.fr\/index.php?rest_route=\/wp\/v2\/pages\/579\/revisions"}],"predecessor-version":[{"id":617,"href":"https:\/\/zoeylinwoodauteur.fr\/index.php?rest_route=\/wp\/v2\/pages\/579\/revisions\/617"}],"wp:attachment":[{"href":"https:\/\/zoeylinwoodauteur.fr\/index.php?rest_route=%2Fwp%2Fv2%2Fmedia&parent=579"}],"curies":[{"name":"wp","href":"https:\/\/api.w.org\/{rel}","templated":true}]}}