{"id":567,"date":"2025-10-02T14:59:57","date_gmt":"2025-10-02T12:59:57","guid":{"rendered":"https:\/\/zoeylinwoodauteur.fr\/?page_id=567"},"modified":"2025-10-02T17:26:01","modified_gmt":"2025-10-02T15:26:01","slug":"oblix","status":"publish","type":"page","link":"https:\/\/zoeylinwoodauteur.fr\/?page_id=567","title":{"rendered":"Oblix"},"content":{"rendered":"\t\t<div data-elementor-type=\"wp-page\" data-elementor-id=\"567\" class=\"elementor elementor-567\">\n\t\t\t\t\t\t<section class=\"elementor-section elementor-top-section elementor-element elementor-element-f02f75e elementor-section-boxed elementor-section-height-default elementor-section-height-default\" data-id=\"f02f75e\" data-element_type=\"section\" data-e-type=\"section\">\n\t\t\t\t\t\t<div class=\"elementor-container elementor-column-gap-default\">\n\t\t\t\t\t<div class=\"elementor-column elementor-col-100 elementor-top-column elementor-element elementor-element-b0f3727\" data-id=\"b0f3727\" data-element_type=\"column\" data-e-type=\"column\">\n\t\t\t<div class=\"elementor-widget-wrap elementor-element-populated\">\n\t\t\t\t\t\t<div class=\"elementor-element elementor-element-6fc0b70 elementor-widget elementor-widget-heading\" data-id=\"6fc0b70\" data-element_type=\"widget\" data-e-type=\"widget\" data-widget_type=\"heading.default\">\n\t\t\t\t<div class=\"elementor-widget-container\">\n\t\t\t\t\t<h2 class=\"elementor-heading-title elementor-size-default\">OBLIX<\/h2>\t\t\t\t<\/div>\n\t\t\t\t<\/div>\n\t\t\t\t<div class=\"elementor-element elementor-element-e94c59d elementor-widget elementor-widget-text-editor\" data-id=\"e94c59d\" data-element_type=\"widget\" data-e-type=\"widget\" data-widget_type=\"text-editor.default\">\n\t\t\t\t<div class=\"elementor-widget-container\">\n\t\t\t\t\t\t\t\t\t<p style=\"text-align: center;\">Elles connaissent tout de vous, vous ne savez rien d&#8217;elles<\/p>\t\t\t\t\t\t\t\t<\/div>\n\t\t\t\t<\/div>\n\t\t\t\t\t<\/div>\n\t\t<\/div>\n\t\t\t\t\t<\/div>\n\t\t<\/section>\n\t\t\t\t<section class=\"elementor-section elementor-top-section elementor-element elementor-element-4bd5841 elementor-section-boxed elementor-section-height-default elementor-section-height-default\" data-id=\"4bd5841\" data-element_type=\"section\" data-e-type=\"section\">\n\t\t\t\t\t\t<div class=\"elementor-container elementor-column-gap-default\">\n\t\t\t\t\t<div class=\"elementor-column elementor-col-100 elementor-top-column elementor-element elementor-element-8a2b99d\" data-id=\"8a2b99d\" data-element_type=\"column\" data-e-type=\"column\">\n\t\t\t<div class=\"elementor-widget-wrap elementor-element-populated\">\n\t\t\t\t\t\t<section class=\"elementor-section elementor-inner-section elementor-element elementor-element-9e48f78 elementor-section-boxed elementor-section-height-default elementor-section-height-default\" data-id=\"9e48f78\" data-element_type=\"section\" data-e-type=\"section\">\n\t\t\t\t\t\t<div class=\"elementor-container elementor-column-gap-default\">\n\t\t\t\t\t<div class=\"elementor-column elementor-col-50 elementor-inner-column elementor-element elementor-element-cf3a410\" data-id=\"cf3a410\" data-element_type=\"column\" data-e-type=\"column\">\n\t\t\t<div class=\"elementor-widget-wrap elementor-element-populated\">\n\t\t\t\t\t\t<div class=\"elementor-element elementor-element-cd8989a elementor-widget elementor-widget-text-editor\" data-id=\"cd8989a\" data-element_type=\"widget\" data-e-type=\"widget\" data-widget_type=\"text-editor.default\">\n\t\t\t\t<div class=\"elementor-widget-container\">\n\t\t\t\t\t\t\t\t\t<p style=\"margin-bottom: 12pt; font-weight: 400; font-variant-caps: normal; font-variant-ligatures: normal; font-style: normal; font-size: 14px; font-family: Roboto, sans-serif;\"><span style=\"font-size: 14px; font-weight: bold;\"><span style=\"font-family: Arial, sans-serif; font-size: 14px;\">Le d\u00e9sespoir m\u00e8ne \u00e0 l\u2019Oubli. Les gens heureux n\u2019oublient pas.<\/span><\/span><\/p><p style=\"font-variant-ligatures: normal; font-variant-caps: normal; font-family: Roboto, sans-serif; font-size: 14px; font-style: normal; font-weight: 400;\"><span style=\"font-family: Arial, sans-serif; font-size: 14px;\">Elles sont l\u00e0 pour effacer les souvenirs. Les mauvais, comme les bons. Mais attention, l\u2019Oubli est irr\u00e9versible.<br \/><\/span><span style=\"font-family: Arial, sans-serif; font-size: 14px;\">Le secret est leur r\u00e8gle. L\u2019anonymat, leur protection.<br \/><\/span><span style=\"font-family: Arial, sans-serif; font-size: 14px;\">En un souffle, les oblix rendent la paix aux esprits tortur\u00e9s et ce pouvoir est autant convoit\u00e9 qu\u2019il est craint.<br \/><\/span><span style=\"font-family: Arial, sans-serif; font-size: 14px;\">Les politiques s\u2019emparent du sujet. Un tueur aussi.<br \/><\/span><span style=\"font-family: Arial, sans-serif; font-size: 14px;\">Les corps sont d\u00e9couverts les uns apr\u00e8s les autres. Toutes des oblix, toutes battues \u00e0 mort.<br \/><\/span><span style=\"font-family: Arial, sans-serif; font-size: 14px;\">Q<\/span><span style=\"font-family: Arial, sans-serif; font-size: 14px;\">uand l\u2019Oubli devient un enjeu, \u00eatre oblix devient un danger.<\/span><\/p>\t\t\t\t\t\t\t\t<\/div>\n\t\t\t\t<\/div>\n\t\t\t\t\t<\/div>\n\t\t<\/div>\n\t\t\t\t<div class=\"elementor-column elementor-col-50 elementor-inner-column elementor-element elementor-element-af3fc69\" data-id=\"af3fc69\" data-element_type=\"column\" data-e-type=\"column\">\n\t\t\t<div class=\"elementor-widget-wrap elementor-element-populated\">\n\t\t\t\t\t\t<div class=\"elementor-element elementor-element-6b69ac6 elementor-widget elementor-widget-video\" data-id=\"6b69ac6\" data-element_type=\"widget\" data-e-type=\"widget\" data-settings=\"{&quot;youtube_url&quot;:&quot;https:\\\/\\\/youtu.be\\\/eKMa-JQNNbI?si=W4gGHRpncJ4WqqER&quot;,&quot;video_type&quot;:&quot;youtube&quot;,&quot;controls&quot;:&quot;yes&quot;}\" data-widget_type=\"video.default\">\n\t\t\t\t<div class=\"elementor-widget-container\">\n\t\t\t\t\t\t\t<div class=\"elementor-wrapper elementor-open-inline\">\n\t\t\t<div class=\"elementor-video\"><\/div>\t\t<\/div>\n\t\t\t\t\t\t<\/div>\n\t\t\t\t<\/div>\n\t\t\t\t\t<\/div>\n\t\t<\/div>\n\t\t\t\t\t<\/div>\n\t\t<\/section>\n\t\t\t\t<section class=\"elementor-section elementor-inner-section elementor-element elementor-element-dad5cb2 elementor-section-boxed elementor-section-height-default elementor-section-height-default\" data-id=\"dad5cb2\" data-element_type=\"section\" data-e-type=\"section\">\n\t\t\t\t\t\t<div class=\"elementor-container elementor-column-gap-default\">\n\t\t\t\t\t<div class=\"elementor-column elementor-col-50 elementor-inner-column elementor-element elementor-element-959c92d\" data-id=\"959c92d\" data-element_type=\"column\" data-e-type=\"column\">\n\t\t\t<div class=\"elementor-widget-wrap elementor-element-populated\">\n\t\t\t\t\t\t<div class=\"elementor-element elementor-element-7ba595b elementor-align-center elementor-widget elementor-widget-button\" data-id=\"7ba595b\" data-element_type=\"widget\" data-e-type=\"widget\" data-widget_type=\"button.default\">\n\t\t\t\t<div class=\"elementor-widget-container\">\n\t\t\t\t\t\t\t\t\t<div class=\"elementor-button-wrapper\">\n\t\t\t\t\t<a class=\"elementor-button elementor-button-link elementor-size-md\" href=\"https:\/\/www.amazon.fr\/Oblix-Zoey-Linwood-ebook\/dp\/B0FMS2KWG6?ref_=ast_author_dp&#038;th=1&#038;psc=1\">\n\t\t\t\t\t\t<span class=\"elementor-button-content-wrapper\">\n\t\t\t\t\t\t\t\t\t<span class=\"elementor-button-text\">Acheter sur Amazon<\/span>\n\t\t\t\t\t<\/span>\n\t\t\t\t\t<\/a>\n\t\t\t\t<\/div>\n\t\t\t\t\t\t\t\t<\/div>\n\t\t\t\t<\/div>\n\t\t\t\t\t<\/div>\n\t\t<\/div>\n\t\t\t\t<div class=\"elementor-column elementor-col-50 elementor-inner-column elementor-element elementor-element-1232d61\" data-id=\"1232d61\" data-element_type=\"column\" data-e-type=\"column\">\n\t\t\t<div class=\"elementor-widget-wrap elementor-element-populated\">\n\t\t\t\t\t\t<div class=\"elementor-element elementor-element-d58da0f elementor-align-center elementor-widget elementor-widget-button\" data-id=\"d58da0f\" data-element_type=\"widget\" data-e-type=\"widget\" data-widget_type=\"button.default\">\n\t\t\t\t<div class=\"elementor-widget-container\">\n\t\t\t\t\t\t\t\t\t<div class=\"elementor-button-wrapper\">\n\t\t\t\t\t<a class=\"elementor-button elementor-button-link elementor-size-md\" href=\"https:\/\/zoey-linwood-auteur.sumupstore.com\/article\/oblix\">\n\t\t\t\t\t\t<span class=\"elementor-button-content-wrapper\">\n\t\t\t\t\t\t\t\t\t<span class=\"elementor-button-text\">Acheter sur Sumup<\/span>\n\t\t\t\t\t<\/span>\n\t\t\t\t\t<\/a>\n\t\t\t\t<\/div>\n\t\t\t\t\t\t\t\t<\/div>\n\t\t\t\t<\/div>\n\t\t\t\t\t<\/div>\n\t\t<\/div>\n\t\t\t\t\t<\/div>\n\t\t<\/section>\n\t\t\t\t\t<\/div>\n\t\t<\/div>\n\t\t\t\t\t<\/div>\n\t\t<\/section>\n\t\t\t\t<section class=\"elementor-section elementor-top-section elementor-element elementor-element-0bf8a2e elementor-section-boxed elementor-section-height-default elementor-section-height-default\" data-id=\"0bf8a2e\" data-element_type=\"section\" data-e-type=\"section\">\n\t\t\t\t\t\t<div class=\"elementor-container elementor-column-gap-default\">\n\t\t\t\t\t<div class=\"elementor-column elementor-col-100 elementor-top-column elementor-element elementor-element-c75b860\" data-id=\"c75b860\" data-element_type=\"column\" data-e-type=\"column\">\n\t\t\t<div class=\"elementor-widget-wrap elementor-element-populated\">\n\t\t\t\t\t\t<section class=\"elementor-section elementor-inner-section elementor-element elementor-element-cbfd9f5 elementor-section-boxed elementor-section-height-default elementor-section-height-default\" data-id=\"cbfd9f5\" data-element_type=\"section\" data-e-type=\"section\">\n\t\t\t\t\t\t<div class=\"elementor-container elementor-column-gap-default\">\n\t\t\t\t\t<div class=\"elementor-column elementor-col-50 elementor-inner-column elementor-element elementor-element-299e3c8\" data-id=\"299e3c8\" data-element_type=\"column\" data-e-type=\"column\">\n\t\t\t<div class=\"elementor-widget-wrap elementor-element-populated\">\n\t\t\t\t\t\t<div class=\"elementor-element elementor-element-d2fb561 elementor-widget elementor-widget-text-editor\" data-id=\"d2fb561\" data-element_type=\"widget\" data-e-type=\"widget\" data-widget_type=\"text-editor.default\">\n\t\t\t\t<div class=\"elementor-widget-container\">\n\t\t\t\t\t\t\t\t\t<p>LIRE LES PREMIERS CHAPITRES GRATUITEMENT<\/p>\t\t\t\t\t\t\t\t<\/div>\n\t\t\t\t<\/div>\n\t\t\t\t<div class=\"elementor-element elementor-element-2c94c3f elementor-widget elementor-widget-text-editor\" data-id=\"2c94c3f\" data-element_type=\"widget\" data-e-type=\"widget\" data-widget_type=\"text-editor.default\">\n\t\t\t\t<div class=\"elementor-widget-container\">\n\t\t\t\t\t\t\t\t\t<p style=\"text-align: center;\">Pour acc\u00e9der GRATUITEMENT aux premiers chapitres d&#8217;<strong>Oblix<\/strong>, rendez-vous dans votre bo\u00eete mail !<\/p>\t\t\t\t\t\t\t\t<\/div>\n\t\t\t\t<\/div>\n\t\t\t\t<div class=\"elementor-element elementor-element-2f79684 elementor-widget elementor-widget-shortcode\" data-id=\"2f79684\" data-element_type=\"widget\" data-e-type=\"widget\" data-widget_type=\"shortcode.default\">\n\t\t\t\t<div class=\"elementor-widget-container\">\n\t\t\t\t\t\t\t<div class=\"elementor-shortcode\"><iframe src=\"https:\/\/zoeylinwood.substack.com\/embed\" width=\"480\" height=\"150\" style=\"border:1px solid #EEE; background:white;\" frameborder=\"0\" scrolling=\"no\"><\/iframe><\/div>\n\t\t\t\t\t\t<\/div>\n\t\t\t\t<\/div>\n\t\t\t\t\t<\/div>\n\t\t<\/div>\n\t\t\t\t<div class=\"elementor-column elementor-col-50 elementor-inner-column elementor-element elementor-element-c9cd0c3\" data-id=\"c9cd0c3\" data-element_type=\"column\" data-e-type=\"column\">\n\t\t\t<div class=\"elementor-widget-wrap elementor-element-populated\">\n\t\t\t\t\t\t<div class=\"elementor-element elementor-element-5a94e17 elementor-widget elementor-widget-image\" data-id=\"5a94e17\" data-element_type=\"widget\" data-e-type=\"widget\" data-widget_type=\"image.default\">\n\t\t\t\t<div class=\"elementor-widget-container\">\n\t\t\t\t\t\t\t\t\t\t\t\t\t\t\t<img fetchpriority=\"high\" decoding=\"async\" width=\"800\" height=\"450\" src=\"https:\/\/zoeylinwoodauteur.fr\/wp-content\/uploads\/2025\/08\/mokeupoblic-combo-800x450.png\" class=\"attachment-ocean-thumb-ml size-ocean-thumb-ml wp-image-439\" alt=\"\" \/>\t\t\t\t\t\t\t\t\t\t\t\t\t\t\t<\/div>\n\t\t\t\t<\/div>\n\t\t\t\t\t<\/div>\n\t\t<\/div>\n\t\t\t\t\t<\/div>\n\t\t<\/section>\n\t\t\t\t\t<\/div>\n\t\t<\/div>\n\t\t\t\t\t<\/div>\n\t\t<\/section>\n\t\t\t\t<\/div>\n\t\t","protected":false},"excerpt":{"rendered":"<p>OBLIX Elles connaissent tout de vous, vous ne savez rien d&#8217;elles Le d\u00e9sespoir m\u00e8ne \u00e0 l\u2019Oubli. Les gens heureux n\u2019oublient pas. Elles sont l\u00e0 pour effacer les souvenirs. Les mauvais, comme les bons. Mais attention, l\u2019Oubli est irr\u00e9versible.Le secret est leur r\u00e8gle. L\u2019anonymat, leur protection.En un souffle, les oblix rendent la paix aux esprits tortur\u00e9s [&hellip;]<\/p>\n","protected":false},"author":1,"featured_media":0,"parent":0,"menu_order":0,"comment_status":"closed","ping_status":"closed","template":"","meta":{"ocean_post_layout":"","ocean_both_sidebars_style":"","ocean_both_sidebars_content_width":0,"ocean_both_sidebars_sidebars_width":0,"ocean_sidebar":"0","ocean_second_sidebar":"0","ocean_disable_margins":"enable","ocean_add_body_class":"","ocean_shortcode_before_top_bar":"","ocean_shortcode_after_top_bar":"","ocean_shortcode_before_header":"","ocean_shortcode_after_header":"","ocean_has_shortcode":"","ocean_shortcode_after_title":"","ocean_shortcode_before_footer_widgets":"","ocean_shortcode_after_footer_widgets":"","ocean_shortcode_before_footer_bottom":"","ocean_shortcode_after_footer_bottom":"","ocean_display_top_bar":"default","ocean_display_header":"default","ocean_header_style":"","ocean_center_header_left_menu":"0","ocean_custom_header_template":"0","ocean_custom_logo":0,"ocean_custom_retina_logo":0,"ocean_custom_logo_max_width":0,"ocean_custom_logo_tablet_max_width":0,"ocean_custom_logo_mobile_max_width":0,"ocean_custom_logo_max_height":0,"ocean_custom_logo_tablet_max_height":0,"ocean_custom_logo_mobile_max_height":0,"ocean_header_custom_menu":"0","ocean_menu_typo_font_family":"0","ocean_menu_typo_font_subset":"","ocean_menu_typo_font_size":0,"ocean_menu_typo_font_size_tablet":0,"ocean_menu_typo_font_size_mobile":0,"ocean_menu_typo_font_size_unit":"px","ocean_menu_typo_font_weight":"","ocean_menu_typo_font_weight_tablet":"","ocean_menu_typo_font_weight_mobile":"","ocean_menu_typo_transform":"","ocean_menu_typo_transform_tablet":"","ocean_menu_typo_transform_mobile":"","ocean_menu_typo_line_height":0,"ocean_menu_typo_line_height_tablet":0,"ocean_menu_typo_line_height_mobile":0,"ocean_menu_typo_line_height_unit":"","ocean_menu_typo_spacing":0,"ocean_menu_typo_spacing_tablet":0,"ocean_menu_typo_spacing_mobile":0,"ocean_menu_typo_spacing_unit":"","ocean_menu_link_color":"","ocean_menu_link_color_hover":"","ocean_menu_link_color_active":"","ocean_menu_link_background":"","ocean_menu_link_hover_background":"","ocean_menu_link_active_background":"","ocean_menu_social_links_bg":"","ocean_menu_social_hover_links_bg":"","ocean_menu_social_links_color":"","ocean_menu_social_hover_links_color":"","ocean_disable_title":"default","ocean_disable_heading":"default","ocean_post_title":"","ocean_post_subheading":"","ocean_post_title_style":"","ocean_post_title_background_color":"","ocean_post_title_background":0,"ocean_post_title_bg_image_position":"","ocean_post_title_bg_image_attachment":"","ocean_post_title_bg_image_repeat":"","ocean_post_title_bg_image_size":"","ocean_post_title_height":0,"ocean_post_title_bg_overlay":0.5,"ocean_post_title_bg_overlay_color":"","ocean_disable_breadcrumbs":"default","ocean_breadcrumbs_color":"","ocean_breadcrumbs_separator_color":"","ocean_breadcrumbs_links_color":"","ocean_breadcrumbs_links_hover_color":"","ocean_display_footer_widgets":"default","ocean_display_footer_bottom":"default","ocean_custom_footer_template":"0","footnotes":""},"class_list":["post-567","page","type-page","status-publish","hentry","entry"],"yoast_head":"<!-- This site is optimized with the Yoast SEO plugin v27.4 - https:\/\/yoast.com\/product\/yoast-seo-wordpress\/ -->\n<title>Oblix - Zoey Linwood Auteure<\/title>\n<meta name=\"robots\" content=\"index, follow, max-snippet:-1, max-image-preview:large, max-video-preview:-1\" \/>\n<link rel=\"canonical\" href=\"https:\/\/zoeylinwoodauteur.fr\/?page_id=567\" \/>\n<meta property=\"og:locale\" content=\"en_US\" \/>\n<meta property=\"og:type\" content=\"article\" \/>\n<meta property=\"og:title\" content=\"Oblix - Zoey Linwood Auteure\" \/>\n<meta property=\"og:description\" content=\"OBLIX Elles connaissent tout de vous, vous ne savez rien d&#8217;elles Le d\u00e9sespoir m\u00e8ne \u00e0 l\u2019Oubli. Les gens heureux n\u2019oublient pas. Elles sont l\u00e0 pour effacer les souvenirs. Les mauvais, comme les bons. Mais attention, l\u2019Oubli est irr\u00e9versible.Le secret est leur r\u00e8gle. L\u2019anonymat, leur protection.En un souffle, les oblix rendent la paix aux esprits tortur\u00e9s [&hellip;]\" \/>\n<meta property=\"og:url\" content=\"https:\/\/zoeylinwoodauteur.fr\/?page_id=567\" \/>\n<meta property=\"og:site_name\" content=\"Zoey Linwood Auteure\" \/>\n<meta property=\"article:modified_time\" content=\"2025-10-02T15:26:01+00:00\" \/>\n<meta property=\"og:image\" content=\"http:\/\/zoeylinwoodauteur.fr\/wp-content\/uploads\/2025\/08\/mokeupoblic-combo-800x450.png\" \/>\n<meta name=\"twitter:card\" content=\"summary_large_image\" \/>\n<meta name=\"twitter:label1\" content=\"Est. reading time\" \/>\n\t<meta name=\"twitter:data1\" content=\"1 minute\" \/>\n<script type=\"application\/ld+json\" class=\"yoast-schema-graph\">{\"@context\":\"https:\\\/\\\/schema.org\",\"@graph\":[{\"@type\":\"WebPage\",\"@id\":\"https:\\\/\\\/zoeylinwoodauteur.fr\\\/?page_id=567\",\"url\":\"https:\\\/\\\/zoeylinwoodauteur.fr\\\/?page_id=567\",\"name\":\"Oblix - Zoey Linwood Auteure\",\"isPartOf\":{\"@id\":\"https:\\\/\\\/zoeylinwoodauteur.fr\\\/#website\"},\"primaryImageOfPage\":{\"@id\":\"https:\\\/\\\/zoeylinwoodauteur.fr\\\/?page_id=567#primaryimage\"},\"image\":{\"@id\":\"https:\\\/\\\/zoeylinwoodauteur.fr\\\/?page_id=567#primaryimage\"},\"thumbnailUrl\":\"http:\\\/\\\/zoeylinwoodauteur.fr\\\/wp-content\\\/uploads\\\/2025\\\/08\\\/mokeupoblic-combo-800x450.png\",\"datePublished\":\"2025-10-02T12:59:57+00:00\",\"dateModified\":\"2025-10-02T15:26:01+00:00\",\"breadcrumb\":{\"@id\":\"https:\\\/\\\/zoeylinwoodauteur.fr\\\/?page_id=567#breadcrumb\"},\"inLanguage\":\"en-US\",\"potentialAction\":[{\"@type\":\"ReadAction\",\"target\":[\"https:\\\/\\\/zoeylinwoodauteur.fr\\\/?page_id=567\"]}]},{\"@type\":\"ImageObject\",\"inLanguage\":\"en-US\",\"@id\":\"https:\\\/\\\/zoeylinwoodauteur.fr\\\/?page_id=567#primaryimage\",\"url\":\"http:\\\/\\\/zoeylinwoodauteur.fr\\\/wp-content\\\/uploads\\\/2025\\\/08\\\/mokeupoblic-combo-800x450.png\",\"contentUrl\":\"http:\\\/\\\/zoeylinwoodauteur.fr\\\/wp-content\\\/uploads\\\/2025\\\/08\\\/mokeupoblic-combo-800x450.png\"},{\"@type\":\"BreadcrumbList\",\"@id\":\"https:\\\/\\\/zoeylinwoodauteur.fr\\\/?page_id=567#breadcrumb\",\"itemListElement\":[{\"@type\":\"ListItem\",\"position\":1,\"name\":\"Accueil\",\"item\":\"https:\\\/\\\/zoeylinwoodauteur.fr\\\/\"},{\"@type\":\"ListItem\",\"position\":2,\"name\":\"Oblix\"}]},{\"@type\":\"WebSite\",\"@id\":\"https:\\\/\\\/zoeylinwoodauteur.fr\\\/#website\",\"url\":\"https:\\\/\\\/zoeylinwoodauteur.fr\\\/\",\"name\":\"Zoey Linwood Auteure\",\"description\":\"\",\"potentialAction\":[{\"@type\":\"SearchAction\",\"target\":{\"@type\":\"EntryPoint\",\"urlTemplate\":\"https:\\\/\\\/zoeylinwoodauteur.fr\\\/?s={search_term_string}\"},\"query-input\":{\"@type\":\"PropertyValueSpecification\",\"valueRequired\":true,\"valueName\":\"search_term_string\"}}],\"inLanguage\":\"en-US\"}]}<\/script>\n<!-- \/ Yoast SEO plugin. -->","yoast_head_json":{"title":"Oblix - Zoey Linwood Auteure","robots":{"index":"index","follow":"follow","max-snippet":"max-snippet:-1","max-image-preview":"max-image-preview:large","max-video-preview":"max-video-preview:-1"},"canonical":"https:\/\/zoeylinwoodauteur.fr\/?page_id=567","og_locale":"en_US","og_type":"article","og_title":"Oblix - Zoey Linwood Auteure","og_description":"OBLIX Elles connaissent tout de vous, vous ne savez rien d&#8217;elles Le d\u00e9sespoir m\u00e8ne \u00e0 l\u2019Oubli. Les gens heureux n\u2019oublient pas. Elles sont l\u00e0 pour effacer les souvenirs. Les mauvais, comme les bons. Mais attention, l\u2019Oubli est irr\u00e9versible.Le secret est leur r\u00e8gle. L\u2019anonymat, leur protection.En un souffle, les oblix rendent la paix aux esprits tortur\u00e9s [&hellip;]","og_url":"https:\/\/zoeylinwoodauteur.fr\/?page_id=567","og_site_name":"Zoey Linwood Auteure","article_modified_time":"2025-10-02T15:26:01+00:00","og_image":[{"url":"http:\/\/zoeylinwoodauteur.fr\/wp-content\/uploads\/2025\/08\/mokeupoblic-combo-800x450.png","type":"","width":"","height":""}],"twitter_card":"summary_large_image","twitter_misc":{"Est. reading time":"1 minute"},"schema":{"@context":"https:\/\/schema.org","@graph":[{"@type":"WebPage","@id":"https:\/\/zoeylinwoodauteur.fr\/?page_id=567","url":"https:\/\/zoeylinwoodauteur.fr\/?page_id=567","name":"Oblix - Zoey Linwood Auteure","isPartOf":{"@id":"https:\/\/zoeylinwoodauteur.fr\/#website"},"primaryImageOfPage":{"@id":"https:\/\/zoeylinwoodauteur.fr\/?page_id=567#primaryimage"},"image":{"@id":"https:\/\/zoeylinwoodauteur.fr\/?page_id=567#primaryimage"},"thumbnailUrl":"http:\/\/zoeylinwoodauteur.fr\/wp-content\/uploads\/2025\/08\/mokeupoblic-combo-800x450.png","datePublished":"2025-10-02T12:59:57+00:00","dateModified":"2025-10-02T15:26:01+00:00","breadcrumb":{"@id":"https:\/\/zoeylinwoodauteur.fr\/?page_id=567#breadcrumb"},"inLanguage":"en-US","potentialAction":[{"@type":"ReadAction","target":["https:\/\/zoeylinwoodauteur.fr\/?page_id=567"]}]},{"@type":"ImageObject","inLanguage":"en-US","@id":"https:\/\/zoeylinwoodauteur.fr\/?page_id=567#primaryimage","url":"http:\/\/zoeylinwoodauteur.fr\/wp-content\/uploads\/2025\/08\/mokeupoblic-combo-800x450.png","contentUrl":"http:\/\/zoeylinwoodauteur.fr\/wp-content\/uploads\/2025\/08\/mokeupoblic-combo-800x450.png"},{"@type":"BreadcrumbList","@id":"https:\/\/zoeylinwoodauteur.fr\/?page_id=567#breadcrumb","itemListElement":[{"@type":"ListItem","position":1,"name":"Accueil","item":"https:\/\/zoeylinwoodauteur.fr\/"},{"@type":"ListItem","position":2,"name":"Oblix"}]},{"@type":"WebSite","@id":"https:\/\/zoeylinwoodauteur.fr\/#website","url":"https:\/\/zoeylinwoodauteur.fr\/","name":"Zoey Linwood Auteure","description":"","potentialAction":[{"@type":"SearchAction","target":{"@type":"EntryPoint","urlTemplate":"https:\/\/zoeylinwoodauteur.fr\/?s={search_term_string}"},"query-input":{"@type":"PropertyValueSpecification","valueRequired":true,"valueName":"search_term_string"}}],"inLanguage":"en-US"}]}},"_links":{"self":[{"href":"https:\/\/zoeylinwoodauteur.fr\/index.php?rest_route=\/wp\/v2\/pages\/567","targetHints":{"allow":["GET"]}}],"collection":[{"href":"https:\/\/zoeylinwoodauteur.fr\/index.php?rest_route=\/wp\/v2\/pages"}],"about":[{"href":"https:\/\/zoeylinwoodauteur.fr\/index.php?rest_route=\/wp\/v2\/types\/page"}],"author":[{"embeddable":true,"href":"https:\/\/zoeylinwoodauteur.fr\/index.php?rest_route=\/wp\/v2\/users\/1"}],"replies":[{"embeddable":true,"href":"https:\/\/zoeylinwoodauteur.fr\/index.php?rest_route=%2Fwp%2Fv2%2Fcomments&post=567"}],"version-history":[{"count":11,"href":"https:\/\/zoeylinwoodauteur.fr\/index.php?rest_route=\/wp\/v2\/pages\/567\/revisions"}],"predecessor-version":[{"id":676,"href":"https:\/\/zoeylinwoodauteur.fr\/index.php?rest_route=\/wp\/v2\/pages\/567\/revisions\/676"}],"wp:attachment":[{"href":"https:\/\/zoeylinwoodauteur.fr\/index.php?rest_route=%2Fwp%2Fv2%2Fmedia&parent=567"}],"curies":[{"name":"wp","href":"https:\/\/api.w.org\/{rel}","templated":true}]}}