{"id":17,"date":"2023-06-15T15:01:36","date_gmt":"2023-06-15T13:01:36","guid":{"rendered":"https:\/\/zoeylinwoodauteur.fr\/?page_id=17"},"modified":"2023-06-26T18:35:48","modified_gmt":"2023-06-26T16:35:48","slug":"mentions-legales","status":"publish","type":"page","link":"https:\/\/zoeylinwoodauteur.fr\/?page_id=17","title":{"rendered":"Mentions l\u00e9gales"},"content":{"rendered":"\n<h1 class=\"wp-block-heading\">Mentions l\u00e9gales<\/h1>\n\n\n\n<p>En vigueur au 20\/06\/2023<\/p>\n\n\n\n<p>Conform\u00e9ment aux dispositions des Articles 6-III et 19 de la Loi n\u00b02004-575 du 21 juin 2004 pour la Confiance dans l\u2019\u00e9conomie num\u00e9rique, dite L.C.E.N., il est port\u00e9 \u00e0 la connaissance des utilisateurs et visiteurs, ci-apr\u00e8s l&#8221;&#8221;<strong>Utilisateur<\/strong>&#8220;, du site zoeylinwoodauteur.fr , ci-apr\u00e8s le &#8220;<strong>Site<\/strong>&#8220;, les pr\u00e9sentes mentions l\u00e9gales.<\/p>\n\n\n\n<p>La connexion et la navigation sur le Site par l\u2019Utilisateur implique acceptation int\u00e9grale et sans r\u00e9serve des pr\u00e9sentes mentions l\u00e9gales.<\/p>\n\n\n\n<p>Ces derni\u00e8res sont accessibles sur le Site \u00e0 la rubrique \u00ab <strong>Mentions l\u00e9gales<\/strong> \u00bb.<\/p>\n\n\n\n<h2 class=\"wp-block-heading\">L&#8217;EDITEUR<\/h2>\n\n\n\n<p>L&#8217;\u00e9dition du Site est assur\u00e9e par<\/p>\n\n\n\n<p>Duquesnoy Chlo\u00e9<\/p>\n\n\n\n<p>27, rue des Sablons, 51120 S\u00e9zanne<\/p>\n\n\n\n<p>Le Directeur de la publication est Duquesnoy Chlo\u00e9<\/p>\n\n\n\n<p>ci-apr\u00e8s l'&#8221;<strong>Editeur<\/strong>&#8220;.<\/p>\n\n\n\n<h2 class=\"wp-block-heading\">L&#8217;HEBERGEUR<\/h2>\n\n\n\n<p>L&#8217;h\u00e9bergeur du Site est la soci\u00e9t\u00e9 HOSTINGER, UAB, dont le si\u00e8ge social est situ\u00e9 au Rue Jonavos 60C, Kaunas 44192 Lituanie , av<strong>ec le num\u00e9ro de t\u00e9l\u00e9phone : 37064503378 + adresse mail de contact<\/strong><\/p>\n\n\n\n<h2 class=\"wp-block-heading\">COLLECTE DES DONNEES<\/h2>\n\n\n\n<p>Le Site assure \u00e0 l&#8217;Utilisateur une collecte et un traitement d&#8217;informations personnelles dans le respect de la vie priv\u00e9e conform\u00e9ment \u00e0 la loi n\u00b078-17 du 6 janvier 1978 relative \u00e0 l&#8217;informatique, aux fichiers et aux libert\u00e9s.<\/p>\n\n\n\n<p>En vertu de la loi Informatique et Libert\u00e9s, en date du 6 janvier 1978, l&#8217;Utilisateur dispose d&#8217;un droit d&#8217;acc\u00e8s, de rectification, de suppression et d&#8217;opposition de ses donn\u00e9es personnelles. L&#8217;Utilisateur exerce ce droit :<\/p>\n\n\n\n<p>\u00b7&nbsp;&nbsp;&nbsp;&nbsp;&nbsp;&nbsp;&nbsp;&nbsp; par mail \u00e0 l&#8217;adresse email contact@zoeylinwoodauteur.fr\ufeff<\/p>\n\n\n\n<p>\u00b7&nbsp;&nbsp;&nbsp;&nbsp;&nbsp;&nbsp;&nbsp;&nbsp; via un formulaire de contact ;<\/p>\n\n\n\n<p>Toute utilisation, reproduction, diffusion, commercialisation, modification de toute ou partie du Site\ufeff, sans autorisation de l\u2019Editeur est prohib\u00e9e et pourra entra\u00een\u00e9e des actions et poursuites judiciaires telles que notamment pr\u00e9vues par le Code de la propri\u00e9t\u00e9 intellectuelle et le Code civil.<\/p>\n\n\n\n<h1 class=\"wp-block-heading\">PROPRIETE INTELLECTUELLE<\/h1>\n\n\n\n<p>Tous les textes, commentaires, ouvrages, illustrations et images reproduits sur le site&nbsp;<a href=\"http:\/\/www.zoeylinwoodauteur.fr\">www.zoeylinwoodauteur.fr<\/a>&nbsp;sont r\u00e9serv\u00e9s au titre du droit d\u2019auteur ainsi qu&#8217;au titre de la propri\u00e9t\u00e9 intellectuelle et pour le monde entier. A ce titre et conform\u00e9ment aux dispositions du Code de la Propri\u00e9t\u00e9 Intellectuelle, seule l\u2019utilisation pour un usage priv\u00e9, sous r\u00e9serve de dispositions diff\u00e9rentes voire plus restrictives du code de la propri\u00e9t\u00e9 intellectuelle, est autoris\u00e9. Toute autre utilisation est constitutive de contrefa\u00e7on et sanctionn\u00e9e au titre de la propri\u00e9t\u00e9 intellectuelle sauf autorisation pr\u00e9alable de la soci\u00e9t\u00e9 Zoey Linwood. Toute reproduction totale ou partielle du catalogue de la soci\u00e9t\u00e9 Zoey Linwood est strictement interdite. Responsabilit\u00e9 : Les ouvrages propos\u00e9s sont conformes \u00e0 la l\u00e9gislation fran\u00e7aise en vigueur. La responsabilit\u00e9 de la soci\u00e9t\u00e9 Zoey Linwood ne saurait \u00eatre engag\u00e9e en cas de non respect de la l\u00e9gislation du pays o\u00f9 les ouvrages sont livr\u00e9s. Il vous appartient de v\u00e9rifier aupr\u00e8s des autorit\u00e9s locales les possibilit\u00e9s d\u2019importation ou d\u2019utilisation des produits ou services que vous envisagez de commander. La soci\u00e9t\u00e9 Zoey Linwood ne saurait \u00eatre tenue responsable de l\u2019inex\u00e9cution du contrat conclu en cas.<\/p>\n","protected":false},"excerpt":{"rendered":"<p>Mentions l\u00e9gales En vigueur au 20\/06\/2023 Conform\u00e9ment aux dispositions des Articles 6-III et 19 de la Loi n\u00b02004-575 du 21 juin 2004 pour la Confiance dans l\u2019\u00e9conomie num\u00e9rique, dite L.C.E.N., il est port\u00e9 \u00e0 la connaissance des utilisateurs et visiteurs, ci-apr\u00e8s l&#8221;&#8221;Utilisateur&#8220;, du site zoeylinwoodauteur.fr , ci-apr\u00e8s le &#8220;Site&#8220;, les pr\u00e9sentes mentions l\u00e9gales. La connexion [&hellip;]<\/p>\n","protected":false},"author":1,"featured_media":0,"parent":0,"menu_order":5,"comment_status":"closed","ping_status":"closed","template":"","meta":{"ocean_post_layout":"","ocean_both_sidebars_style":"","ocean_both_sidebars_content_width":0,"ocean_both_sidebars_sidebars_width":0,"ocean_sidebar":"0","ocean_second_sidebar":"0","ocean_disable_margins":"enable","ocean_add_body_class":"","ocean_shortcode_before_top_bar":"","ocean_shortcode_after_top_bar":"","ocean_shortcode_before_header":"","ocean_shortcode_after_header":"","ocean_has_shortcode":"","ocean_shortcode_after_title":"","ocean_shortcode_before_footer_widgets":"","ocean_shortcode_after_footer_widgets":"","ocean_shortcode_before_footer_bottom":"","ocean_shortcode_after_footer_bottom":"","ocean_display_top_bar":"default","ocean_display_header":"default","ocean_header_style":"","ocean_center_header_left_menu":"0","ocean_custom_header_template":"0","ocean_custom_logo":0,"ocean_custom_retina_logo":0,"ocean_custom_logo_max_width":0,"ocean_custom_logo_tablet_max_width":0,"ocean_custom_logo_mobile_max_width":0,"ocean_custom_logo_max_height":0,"ocean_custom_logo_tablet_max_height":0,"ocean_custom_logo_mobile_max_height":0,"ocean_header_custom_menu":"0","ocean_menu_typo_font_family":"0","ocean_menu_typo_font_subset":"","ocean_menu_typo_font_size":0,"ocean_menu_typo_font_size_tablet":0,"ocean_menu_typo_font_size_mobile":0,"ocean_menu_typo_font_size_unit":"px","ocean_menu_typo_font_weight":"","ocean_menu_typo_font_weight_tablet":"","ocean_menu_typo_font_weight_mobile":"","ocean_menu_typo_transform":"","ocean_menu_typo_transform_tablet":"","ocean_menu_typo_transform_mobile":"","ocean_menu_typo_line_height":0,"ocean_menu_typo_line_height_tablet":0,"ocean_menu_typo_line_height_mobile":0,"ocean_menu_typo_line_height_unit":"","ocean_menu_typo_spacing":0,"ocean_menu_typo_spacing_tablet":0,"ocean_menu_typo_spacing_mobile":0,"ocean_menu_typo_spacing_unit":"","ocean_menu_link_color":"","ocean_menu_link_color_hover":"","ocean_menu_link_color_active":"","ocean_menu_link_background":"","ocean_menu_link_hover_background":"","ocean_menu_link_active_background":"","ocean_menu_social_links_bg":"","ocean_menu_social_hover_links_bg":"","ocean_menu_social_links_color":"","ocean_menu_social_hover_links_color":"","ocean_disable_title":"default","ocean_disable_heading":"default","ocean_post_title":"","ocean_post_subheading":"","ocean_post_title_style":"","ocean_post_title_background_color":"","ocean_post_title_background":0,"ocean_post_title_bg_image_position":"","ocean_post_title_bg_image_attachment":"","ocean_post_title_bg_image_repeat":"","ocean_post_title_bg_image_size":"","ocean_post_title_height":0,"ocean_post_title_bg_overlay":0.5,"ocean_post_title_bg_overlay_color":"","ocean_disable_breadcrumbs":"default","ocean_breadcrumbs_color":"","ocean_breadcrumbs_separator_color":"","ocean_breadcrumbs_links_color":"","ocean_breadcrumbs_links_hover_color":"","ocean_display_footer_widgets":"default","ocean_display_footer_bottom":"default","ocean_custom_footer_template":"0","footnotes":""},"class_list":["post-17","page","type-page","status-publish","hentry","entry"],"yoast_head":"<!-- This site is optimized with the Yoast SEO plugin v27.4 - https:\/\/yoast.com\/product\/yoast-seo-wordpress\/ -->\n<title>Mentions l\u00e9gales - Zoey Linwood Auteure<\/title>\n<meta name=\"robots\" content=\"index, follow, max-snippet:-1, max-image-preview:large, max-video-preview:-1\" \/>\n<link rel=\"canonical\" href=\"https:\/\/zoeylinwoodauteur.fr\/?page_id=17\" \/>\n<meta property=\"og:locale\" content=\"en_US\" \/>\n<meta property=\"og:type\" content=\"article\" \/>\n<meta property=\"og:title\" content=\"Mentions l\u00e9gales - Zoey Linwood Auteure\" \/>\n<meta property=\"og:description\" content=\"Mentions l\u00e9gales En vigueur au 20\/06\/2023 Conform\u00e9ment aux dispositions des Articles 6-III et 19 de la Loi n\u00b02004-575 du 21 juin 2004 pour la Confiance dans l\u2019\u00e9conomie num\u00e9rique, dite L.C.E.N., il est port\u00e9 \u00e0 la connaissance des utilisateurs et visiteurs, ci-apr\u00e8s l&#8221;&#8221;Utilisateur&#8220;, du site zoeylinwoodauteur.fr , ci-apr\u00e8s le &#8220;Site&#8220;, les pr\u00e9sentes mentions l\u00e9gales. La connexion [&hellip;]\" \/>\n<meta property=\"og:url\" content=\"https:\/\/zoeylinwoodauteur.fr\/?page_id=17\" \/>\n<meta property=\"og:site_name\" content=\"Zoey Linwood Auteure\" \/>\n<meta property=\"article:modified_time\" content=\"2023-06-26T16:35:48+00:00\" \/>\n<meta name=\"twitter:card\" content=\"summary_large_image\" \/>\n<meta name=\"twitter:label1\" content=\"Est. reading time\" \/>\n\t<meta name=\"twitter:data1\" content=\"3 minutes\" \/>\n<script type=\"application\/ld+json\" class=\"yoast-schema-graph\">{\"@context\":\"https:\\\/\\\/schema.org\",\"@graph\":[{\"@type\":\"WebPage\",\"@id\":\"https:\\\/\\\/zoeylinwoodauteur.fr\\\/?page_id=17\",\"url\":\"https:\\\/\\\/zoeylinwoodauteur.fr\\\/?page_id=17\",\"name\":\"Mentions l\u00e9gales - Zoey Linwood Auteure\",\"isPartOf\":{\"@id\":\"https:\\\/\\\/zoeylinwoodauteur.fr\\\/#website\"},\"datePublished\":\"2023-06-15T13:01:36+00:00\",\"dateModified\":\"2023-06-26T16:35:48+00:00\",\"breadcrumb\":{\"@id\":\"https:\\\/\\\/zoeylinwoodauteur.fr\\\/?page_id=17#breadcrumb\"},\"inLanguage\":\"en-US\",\"potentialAction\":[{\"@type\":\"ReadAction\",\"target\":[\"https:\\\/\\\/zoeylinwoodauteur.fr\\\/?page_id=17\"]}]},{\"@type\":\"BreadcrumbList\",\"@id\":\"https:\\\/\\\/zoeylinwoodauteur.fr\\\/?page_id=17#breadcrumb\",\"itemListElement\":[{\"@type\":\"ListItem\",\"position\":1,\"name\":\"Accueil\",\"item\":\"https:\\\/\\\/zoeylinwoodauteur.fr\\\/\"},{\"@type\":\"ListItem\",\"position\":2,\"name\":\"Mentions l\u00e9gales\"}]},{\"@type\":\"WebSite\",\"@id\":\"https:\\\/\\\/zoeylinwoodauteur.fr\\\/#website\",\"url\":\"https:\\\/\\\/zoeylinwoodauteur.fr\\\/\",\"name\":\"Zoey Linwood Auteure\",\"description\":\"\",\"potentialAction\":[{\"@type\":\"SearchAction\",\"target\":{\"@type\":\"EntryPoint\",\"urlTemplate\":\"https:\\\/\\\/zoeylinwoodauteur.fr\\\/?s={search_term_string}\"},\"query-input\":{\"@type\":\"PropertyValueSpecification\",\"valueRequired\":true,\"valueName\":\"search_term_string\"}}],\"inLanguage\":\"en-US\"}]}<\/script>\n<!-- \/ Yoast SEO plugin. -->","yoast_head_json":{"title":"Mentions l\u00e9gales - Zoey Linwood Auteure","robots":{"index":"index","follow":"follow","max-snippet":"max-snippet:-1","max-image-preview":"max-image-preview:large","max-video-preview":"max-video-preview:-1"},"canonical":"https:\/\/zoeylinwoodauteur.fr\/?page_id=17","og_locale":"en_US","og_type":"article","og_title":"Mentions l\u00e9gales - Zoey Linwood Auteure","og_description":"Mentions l\u00e9gales En vigueur au 20\/06\/2023 Conform\u00e9ment aux dispositions des Articles 6-III et 19 de la Loi n\u00b02004-575 du 21 juin 2004 pour la Confiance dans l\u2019\u00e9conomie num\u00e9rique, dite L.C.E.N., il est port\u00e9 \u00e0 la connaissance des utilisateurs et visiteurs, ci-apr\u00e8s l&#8221;&#8221;Utilisateur&#8220;, du site zoeylinwoodauteur.fr , ci-apr\u00e8s le &#8220;Site&#8220;, les pr\u00e9sentes mentions l\u00e9gales. La connexion [&hellip;]","og_url":"https:\/\/zoeylinwoodauteur.fr\/?page_id=17","og_site_name":"Zoey Linwood Auteure","article_modified_time":"2023-06-26T16:35:48+00:00","twitter_card":"summary_large_image","twitter_misc":{"Est. reading time":"3 minutes"},"schema":{"@context":"https:\/\/schema.org","@graph":[{"@type":"WebPage","@id":"https:\/\/zoeylinwoodauteur.fr\/?page_id=17","url":"https:\/\/zoeylinwoodauteur.fr\/?page_id=17","name":"Mentions l\u00e9gales - Zoey Linwood Auteure","isPartOf":{"@id":"https:\/\/zoeylinwoodauteur.fr\/#website"},"datePublished":"2023-06-15T13:01:36+00:00","dateModified":"2023-06-26T16:35:48+00:00","breadcrumb":{"@id":"https:\/\/zoeylinwoodauteur.fr\/?page_id=17#breadcrumb"},"inLanguage":"en-US","potentialAction":[{"@type":"ReadAction","target":["https:\/\/zoeylinwoodauteur.fr\/?page_id=17"]}]},{"@type":"BreadcrumbList","@id":"https:\/\/zoeylinwoodauteur.fr\/?page_id=17#breadcrumb","itemListElement":[{"@type":"ListItem","position":1,"name":"Accueil","item":"https:\/\/zoeylinwoodauteur.fr\/"},{"@type":"ListItem","position":2,"name":"Mentions l\u00e9gales"}]},{"@type":"WebSite","@id":"https:\/\/zoeylinwoodauteur.fr\/#website","url":"https:\/\/zoeylinwoodauteur.fr\/","name":"Zoey Linwood Auteure","description":"","potentialAction":[{"@type":"SearchAction","target":{"@type":"EntryPoint","urlTemplate":"https:\/\/zoeylinwoodauteur.fr\/?s={search_term_string}"},"query-input":{"@type":"PropertyValueSpecification","valueRequired":true,"valueName":"search_term_string"}}],"inLanguage":"en-US"}]}},"_links":{"self":[{"href":"https:\/\/zoeylinwoodauteur.fr\/index.php?rest_route=\/wp\/v2\/pages\/17","targetHints":{"allow":["GET"]}}],"collection":[{"href":"https:\/\/zoeylinwoodauteur.fr\/index.php?rest_route=\/wp\/v2\/pages"}],"about":[{"href":"https:\/\/zoeylinwoodauteur.fr\/index.php?rest_route=\/wp\/v2\/types\/page"}],"author":[{"embeddable":true,"href":"https:\/\/zoeylinwoodauteur.fr\/index.php?rest_route=\/wp\/v2\/users\/1"}],"replies":[{"embeddable":true,"href":"https:\/\/zoeylinwoodauteur.fr\/index.php?rest_route=%2Fwp%2Fv2%2Fcomments&post=17"}],"version-history":[{"count":2,"href":"https:\/\/zoeylinwoodauteur.fr\/index.php?rest_route=\/wp\/v2\/pages\/17\/revisions"}],"predecessor-version":[{"id":207,"href":"https:\/\/zoeylinwoodauteur.fr\/index.php?rest_route=\/wp\/v2\/pages\/17\/revisions\/207"}],"wp:attachment":[{"href":"https:\/\/zoeylinwoodauteur.fr\/index.php?rest_route=%2Fwp%2Fv2%2Fmedia&parent=17"}],"curies":[{"name":"wp","href":"https:\/\/api.w.org\/{rel}","templated":true}]}}